{"id":2637,"date":"2024-12-20T10:34:44","date_gmt":"2024-12-20T10:34:44","guid":{"rendered":"http:\/\/www.taxidiver.es\/taxi-plongee\/"},"modified":"2025-01-10T08:21:45","modified_gmt":"2025-01-10T08:21:45","slug":"taxi-plongee","status":"publish","type":"page","link":"https:\/\/www.taxidiver.es\/fr\/taxi-plongee\/","title":{"rendered":"Taxi plong\u00e9e"},"content":{"rendered":"<p>[et_pb_section fb_built=\u00a0\u00bb1&Prime; custom_padding_last_edited=\u00a0\u00bbon|phone\u00a0\u00bb admin_label=\u00a0\u00bbHeader\u00a0\u00bb _builder_version=\u00a0\u00bb4.27.4&Prime; _module_preset=\u00a0\u00bbdefault\u00a0\u00bb use_background_color_gradient=\u00a0\u00bbon\u00a0\u00bb background_color_gradient_stops=\u00a0\u00bbrgba(18,17,93,0.4) 0%|rgba(10,0,0,0.73) 100%\u00a0\u00bb background_color_gradient_overlays_image=\u00a0\u00bbon\u00a0\u00bb background_color_gradient_start=\u00a0\u00bbrgba(18,17,93,0.4)\u00a0\u00bb background_color_gradient_end=\u00a0\u00bbrgba(18,17,93,0.93)\u00a0\u00bb background_image=\u00a0\u00bbhttp:\/\/www.taxidiver.es\/wp-content\/uploads\/2017\/04\/buceo_castro_urdiales.jpg\u00a0\u00bb custom_padding=\u00a0\u00bb48px||48px||true|false\u00a0\u00bb custom_padding_tablet=\u00a0\u00bb100px||100px||true|false\u00a0\u00bb custom_padding_phone=\u00a0\u00bb80px||80px||true|false\u00a0\u00bb locked=\u00a0\u00bboff\u00a0\u00bb global_colors_info=\u00a0\u00bb{}\u00a0\u00bb][et_pb_row _builder_version=\u00a0\u00bb4.16&Prime; _module_preset=\u00a0\u00bbdefault\u00a0\u00bb global_colors_info=\u00a0\u00bb{}\u00a0\u00bb][et_pb_column type=\u00a0\u00bb4_4&Prime; _builder_version=\u00a0\u00bb4.16&Prime; _module_preset=\u00a0\u00bbdefault\u00a0\u00bb global_colors_info=\u00a0\u00bb{}\u00a0\u00bb][et_pb_text _builder_version=\u00a0\u00bb4.27.4&Prime; _module_preset=\u00a0\u00bbd72c0383-6487-4f2c-ac5c-7d48a6376757&Prime; header_font=\u00a0\u00bbPlayfair Display||||||||\u00a0\u00bb header_text_color=\u00a0\u00bb#FFFFFF\u00a0\u00bb header_font_size=\u00a0\u00bb77px\u00a0\u00bb animation_direction=\u00a0\u00bbtop\u00a0\u00bb header_font_size_tablet=\u00a0\u00bb10vw\u00a0\u00bb header_font_size_phone=\u00a0\u00bb\u00a0\u00bb header_font_size_last_edited=\u00a0\u00bbon|phone\u00a0\u00bb global_colors_info=\u00a0\u00bb{}\u00a0\u00bb]<\/p>\n<h1>Taxi-plongeur<\/h1>\n<p>[\/et_pb_text][\/et_pb_column][\/et_pb_row][et_pb_row column_structure=\u00a0\u00bb1_2,1_2&Prime; _builder_version=\u00a0\u00bb4.27.4&Prime; _module_preset=\u00a0\u00bbdefault\u00a0\u00bb global_colors_info=\u00a0\u00bb{}\u00a0\u00bb][et_pb_column type=\u00a0\u00bb1_2&Prime; _builder_version=\u00a0\u00bb4.16&Prime; _module_preset=\u00a0\u00bbdefault\u00a0\u00bb global_colors_info=\u00a0\u00bb{}\u00a0\u00bb][et_pb_text _builder_version=\u00a0\u00bb4.27.4&Prime; _module_preset=\u00a0\u00bb1d866de3-b108-4c5f-bed3-2da9506a6915&Prime; header_font=\u00a0\u00bb||||||||\u00a0\u00bb header_4_font=\u00a0\u00bbMerriweather||||||||\u00a0\u00bb header_4_text_color=\u00a0\u00bb#FFFFFF\u00a0\u00bb header_4_line_height=\u00a0\u00bb1.8em\u00a0\u00bb hover_enabled=\u00a0\u00bb0&Prime; header_4_font_size_tablet=\u00a0\u00bb16px\u00a0\u00bb header_4_font_size_phone=\u00a0\u00bb14px\u00a0\u00bb header_4_font_size_last_edited=\u00a0\u00bbon|tablet\u00a0\u00bb locked=\u00a0\u00bboff\u00a0\u00bb global_colors_info=\u00a0\u00bb{}\u00a0\u00bb sticky_enabled=\u00a0\u00bb0&Prime;]<\/p>\n<h4><span>Vous en avez assez de plonger \u00e0 Castro Urdiales toujours aux m\u00eames endroits ?<\/span><\/h4>\n<h4><span>Faites de la plong\u00e9e sous-marine ou avec tuba sur des sites de plong\u00e9e charg\u00e9s d&rsquo;histoire.<\/span><\/h4>\n<p>[\/et_pb_text][\/et_pb_column][et_pb_column type=\u00a0\u00bb1_2&Prime; _builder_version=\u00a0\u00bb4.16&Prime; _module_preset=\u00a0\u00bbdefault\u00a0\u00bb global_colors_info=\u00a0\u00bb{}\u00a0\u00bb][et_pb_button button_url=\u00a0\u00bb@ET-DC@eyJkeW5hbWljIjp0cnVlLCJjb250ZW50IjoicG9zdF9saW5rX3VybF9wYWdlIiwic2V0dGluZ3MiOnsicG9zdF9pZCI6IjIzMjUifX0=@\u00a0\u00bb button_text=\u00a0\u00bbC\u00e9l\u00e9brations \u00e0 bord\u00a0\u00bb _builder_version=\u00a0\u00bb4.27.4&Prime; _dynamic_attributes=\u00a0\u00bbbutton_url\u00a0\u00bb _module_preset=\u00a0\u00bbfd4cbe8d-44bb-4497-977d-4a9151abc25c\u00a0\u00bb custom_button=\u00a0\u00bbon\u00a0\u00bb button_text_size=\u00a0\u00bb14px\u00a0\u00bb button_bg_color=\u00a0\u00bb#FEB801&Prime; button_border_width=\u00a0\u00bb0px\u00a0\u00bb button_border_radius=\u00a0\u00bb0px\u00a0\u00bb button_letter_spacing=\u00a0\u00bb2px\u00a0\u00bb button_font=\u00a0\u00bb|700||on|||||\u00a0\u00bb background_layout=\u00a0\u00bbdark\u00a0\u00bb custom_margin=\u00a0\u00bb||15px||false|false\u00a0\u00bb custom_padding=\u00a0\u00bb14px|35px|14px|35px|true|true\u00a0\u00bb custom_padding_tablet=\u00a0\u00bb12px|30px|12px|30px|true|true\u00a0\u00bb custom_padding_phone=\u00a0\u00bb10px|20px|10px|20px|true|true\u00a0\u00bb custom_padding_last_edited=\u00a0\u00bbon|phone\u00a0\u00bb button_text_size_tablet=\u00a0\u00bb13px\u00a0\u00bb button_text_size_phone=\u00a0\u00bb12px\u00a0\u00bb button_text_size_last_edited=\u00a0\u00bbon|tablet\u00a0\u00bb locked=\u00a0\u00bboff\u00a0\u00bb global_colors_info=\u00a0\u00bb{}\u00a0\u00bb button_bg_color__hover=\u00a0\u00bb#000000&Prime; button_bg_color__hover_enabled=\u00a0\u00bbon|desktop\u00a0\u00bb][\/et_pb_button][et_pb_button button_url=\u00a0\u00bb@ET-DC@eyJkeW5hbWljIjp0cnVlLCJjb250ZW50IjoicG9zdF9saW5rX3VybF9wYWdlIiwic2V0dGluZ3MiOnsicG9zdF9pZCI6IjIzMjEifX0=@\u00a0\u00bb button_text=\u00a0\u00bbAutres activit\u00e9s nautiques\u00a0\u00bb _builder_version=\u00a0\u00bb4.27.4&Prime; _dynamic_attributes=\u00a0\u00bbbutton_url\u00a0\u00bb _module_preset=\u00a0\u00bba93bd5f4-85ca-4af8-aab9-5954042d5969&Prime; custom_button=\u00a0\u00bbon\u00a0\u00bb button_text_size=\u00a0\u00bb14px\u00a0\u00bb button_bg_color=\u00a0\u00bb#097edc\u00a0\u00bb button_border_width=\u00a0\u00bb0px\u00a0\u00bb button_border_radius=\u00a0\u00bb0px\u00a0\u00bb button_letter_spacing=\u00a0\u00bb2px\u00a0\u00bb button_font=\u00a0\u00bb|700||on|||||\u00a0\u00bb background_layout=\u00a0\u00bbdark\u00a0\u00bb custom_padding=\u00a0\u00bb14px|35px|14px|35px|true|true\u00a0\u00bb custom_padding_tablet=\u00a0\u00bb12px|30px|12px|30px|true|true\u00a0\u00bb custom_padding_phone=\u00a0\u00bb10px|20px|10px|20px|true|true\u00a0\u00bb custom_padding_last_edited=\u00a0\u00bbon|phone\u00a0\u00bb button_text_size_tablet=\u00a0\u00bb13px\u00a0\u00bb button_text_size_phone=\u00a0\u00bb12px\u00a0\u00bb button_text_size_last_edited=\u00a0\u00bbon|tablet\u00a0\u00bb locked=\u00a0\u00bboff\u00a0\u00bb global_colors_info=\u00a0\u00bb{}\u00a0\u00bb button_bg_color__hover=\u00a0\u00bb#000000&Prime; button_bg_color__hover_enabled=\u00a0\u00bbon|hover\u00a0\u00bb button_bg_enable_color__hover=\u00a0\u00bbon\u00a0\u00bb][\/et_pb_button][et_pb_button button_url=\u00a0\u00bb@ET-DC@eyJkeW5hbWljIjp0cnVlLCJjb250ZW50IjoicG9zdF9saW5rX3VybF9wYWdlIiwic2V0dGluZ3MiOnsicG9zdF9pZCI6IjIzMzcifX0=@\u00a0\u00bb button_text=\u00a0\u00bbSur la route maritime\u00a0\u00bb _builder_version=\u00a0\u00bb4.27.4&Prime; _dynamic_attributes=\u00a0\u00bbbutton_url\u00a0\u00bb _module_preset=\u00a0\u00bba93bd5f4-85ca-4af8-aab9-5954042d5969&Prime; custom_button=\u00a0\u00bbon\u00a0\u00bb button_text_size=\u00a0\u00bb14px\u00a0\u00bb button_bg_color=\u00a0\u00bb#005497&Prime; button_border_width=\u00a0\u00bb0px\u00a0\u00bb button_border_radius=\u00a0\u00bb0px\u00a0\u00bb button_letter_spacing=\u00a0\u00bb2px\u00a0\u00bb button_font=\u00a0\u00bb|700||on|||||\u00a0\u00bb background_layout=\u00a0\u00bbdark\u00a0\u00bb custom_padding=\u00a0\u00bb14px|35px|14px|35px|true|true\u00a0\u00bb custom_padding_tablet=\u00a0\u00bb12px|30px|12px|30px|true|true\u00a0\u00bb custom_padding_phone=\u00a0\u00bb10px|20px|10px|20px|true|true\u00a0\u00bb custom_padding_last_edited=\u00a0\u00bbon|phone\u00a0\u00bb button_text_size_tablet=\u00a0\u00bb13px\u00a0\u00bb button_text_size_phone=\u00a0\u00bb12px\u00a0\u00bb button_text_size_last_edited=\u00a0\u00bbon|tablet\u00a0\u00bb locked=\u00a0\u00bboff\u00a0\u00bb global_colors_info=\u00a0\u00bb{}\u00a0\u00bb button_bg_color__hover=\u00a0\u00bb#000000&Prime; button_bg_color__hover_enabled=\u00a0\u00bbon|hover\u00a0\u00bb button_bg_enable_color__hover=\u00a0\u00bbon\u00a0\u00bb][\/et_pb_button][\/et_pb_column][\/et_pb_row][\/et_pb_section][et_pb_section fb_built=\u00a0\u00bb1&Prime; admin_label=\u00a0\u00bbFeature\u00a0\u00bb _builder_version=\u00a0\u00bb4.16&Prime; _module_preset=\u00a0\u00bbdefault\u00a0\u00bb locked=\u00a0\u00bboff\u00a0\u00bb global_colors_info=\u00a0\u00bb{}\u00a0\u00bb][et_pb_row column_structure=\u00a0\u00bb1_2,1_2&Prime; _builder_version=\u00a0\u00bb4.27.4&Prime; _module_preset=\u00a0\u00bbdefault\u00a0\u00bb global_colors_info=\u00a0\u00bb{}\u00a0\u00bb][et_pb_column type=\u00a0\u00bb1_2&Prime; _builder_version=\u00a0\u00bb4.16&Prime; _module_preset=\u00a0\u00bbdefault\u00a0\u00bb global_colors_info=\u00a0\u00bb{}\u00a0\u00bb][et_pb_image src=\u00a0\u00bbhttp:\/\/www.taxidiver.es\/wp-content\/uploads\/2017\/04\/bucea_con_nosotros.jpg\u00a0\u00bb alt=\u00a0\u00bbPlongez avec nous\u00a0\u00bb title_text=\u00a0\u00bbPlongez avec nous\u00a0\u00bb _builder_version=\u00a0\u00bb4.27.4&Prime; _module_preset=\u00a0\u00bbdefault\u00a0\u00bb locked=\u00a0\u00bboff\u00a0\u00bb global_colors_info=\u00a0\u00bb{}\u00a0\u00bb][\/et_pb_image][\/et_pb_column][et_pb_column type=\u00a0\u00bb1_2&Prime; _builder_version=\u00a0\u00bb4.27.4&Prime; _module_preset=\u00a0\u00bbdefault\u00a0\u00bb custom_padding=\u00a0\u00bb||||false|false\u00a0\u00bb custom_padding_tablet=\u00a0\u00bb0px||||false|false\u00a0\u00bb custom_padding_phone=\u00a0\u00bb\u00a0\u00bb custom_padding_last_edited=\u00a0\u00bbon|phone\u00a0\u00bb global_colors_info=\u00a0\u00bb{}\u00a0\u00bb][et_pb_text _builder_version=\u00a0\u00bb4.27.4&Prime; _module_preset=\u00a0\u00bb16a54059-cc81-4572-9c70-eda6a6c419bf\u00a0\u00bb text_text_color=\u00a0\u00bbrgba(0,0,0,0.8)\u00a0\u00bb text_font_size=\u00a0\u00bb16px\u00a0\u00bb text_line_height=\u00a0\u00bb1.8em\u00a0\u00bb text_orientation=\u00a0\u00bbjustified\u00a0\u00bb text_font_size_tablet=\u00a0\u00bb15px\u00a0\u00bb text_font_size_phone=\u00a0\u00bb13px\u00a0\u00bb text_font_size_last_edited=\u00a0\u00bbon|phone\u00a0\u00bb header_font_size_tablet=\u00a0\u00bb55px\u00a0\u00bb header_font_size_last_edited=\u00a0\u00bboff|desktop\u00a0\u00bb locked=\u00a0\u00bboff\u00a0\u00bb global_colors_info=\u00a0\u00bb{}\u00a0\u00bb]<\/p>\n<p>Vous en avez assez de plonger \u00e0 Castro Urdiales toujours aux m\u00eames endroits ?<\/p>\n<p><strong>Contactez nous<\/strong>et nous organiserons le voyage de plong\u00e9e que vous recherchez n&rsquo;importe o\u00f9 sur la c\u00f4te Est de la Cantabrie. Des plong\u00e9es dans des \u00e9paves \u00e9loign\u00e9es de la c\u00f4te comme \u00ab\u00a0los railes\u00a0\u00bb ou \u00ab\u00a0la gabarra\u00a0\u00bb aux plong\u00e9es dans des sites naturels spectaculaires inaccessibles depuis la terre (R\u00e9serve naturelle de la baleine, falaises de Cerdigo, les bas-fonds du ch\u00e2teau-phare avec ses canons napol\u00e9oniens coul\u00e9s, Saltacaballos et l&rsquo;\u00e9pave \u00ab\u00a0el Baldur\u00a0\u00bb, etc.)<\/p>\n<p>Nous pouvons \u00e9galement vous mettre en contact avec d&rsquo;autres plongeurs ayant la m\u00eame passion que vous afin de partager l&rsquo;exp\u00e9rience ou de vous aider si vous manquez de mat\u00e9riel.<\/p>\n<p>[\/et_pb_text][et_pb_button button_url=\u00a0\u00bb@ET-DC@eyJkeW5hbWljIjp0cnVlLCJjb250ZW50IjoicG9zdF9saW5rX3VybF9wYWdlIiwic2V0dGluZ3MiOnsicG9zdF9pZCI6IjQ1In19@\u00a0\u00bb button_text=\u00a0\u00bbContactez-nous\u00a0\u00bb _builder_version=\u00a0\u00bb4.27.4&Prime; _dynamic_attributes=\u00a0\u00bbbutton_url\u00a0\u00bb _module_preset=\u00a0\u00bbfd4cbe8d-44bb-4497-977d-4a9151abc25c\u00a0\u00bb custom_button=\u00a0\u00bbon\u00a0\u00bb button_text_size=\u00a0\u00bb14px\u00a0\u00bb button_bg_color=\u00a0\u00bb#FEB801&Prime; button_border_width=\u00a0\u00bb0px\u00a0\u00bb button_border_radius=\u00a0\u00bb0px\u00a0\u00bb button_letter_spacing=\u00a0\u00bb2px\u00a0\u00bb button_font=\u00a0\u00bb|700||on|||||\u00a0\u00bb background_layout=\u00a0\u00bbdark\u00a0\u00bb custom_padding=\u00a0\u00bb14px|35px|14px|35px|true|true\u00a0\u00bb custom_padding_tablet=\u00a0\u00bb12px|30px|12px|30px|true|true\u00a0\u00bb custom_padding_phone=\u00a0\u00bb10px|20px|10px|20px|true|true\u00a0\u00bb custom_padding_last_edited=\u00a0\u00bbon|phone\u00a0\u00bb button_text_size_tablet=\u00a0\u00bb13px\u00a0\u00bb button_text_size_phone=\u00a0\u00bb12px\u00a0\u00bb button_text_size_last_edited=\u00a0\u00bbon|tablet\u00a0\u00bb locked=\u00a0\u00bboff\u00a0\u00bb global_colors_info=\u00a0\u00bb{}\u00a0\u00bb button_bg_color__hover=\u00a0\u00bb#000000&Prime; button_bg_color__hover_enabled=\u00a0\u00bbon|desktop\u00a0\u00bb][\/et_pb_button][\/et_pb_column][\/et_pb_row][\/et_pb_section][et_pb_section fb_built=\u00a0\u00bb1&Prime; custom_padding_last_edited=\u00a0\u00bbon|phone\u00a0\u00bb _builder_version=\u00a0\u00bb4.27.4&Prime; _module_preset=\u00a0\u00bbdefault\u00a0\u00bb background_image=\u00a0\u00bbhttp:\/\/www.taxidiver.es\/wp-content\/uploads\/2017\/04\/zonas_buceo_castro_urdiales.jpg\u00a0\u00bb custom_padding=\u00a0\u00bb158px||158px||true|false\u00a0\u00bb custom_padding_tablet=\u00a0\u00bb100px||100px||true|false\u00a0\u00bb custom_padding_phone=\u00a0\u00bb80px||80px||true|false\u00a0\u00bb global_colors_info=\u00a0\u00bb{}\u00a0\u00bb][\/et_pb_section]<\/p>\n","protected":false},"excerpt":{"rendered":"<p>Taxi-plongeurVous en avez assez de plonger \u00e0 Castro Urdiales toujours aux m\u00eames endroits ? Faites de la plong\u00e9e sous-marine ou avec tuba sur des sites de plong\u00e9e charg\u00e9s d&rsquo;histoire.Vous en avez assez de plonger \u00e0 Castro Urdiales toujours aux m\u00eames endroits ? Contactez nouset nous organiserons le voyage de plong\u00e9e que vous recherchez n&rsquo;importe o\u00f9 [&hellip;]<\/p>\n","protected":false},"author":990003,"featured_media":0,"parent":0,"menu_order":0,"comment_status":"closed","ping_status":"closed","template":"","meta":{"_et_pb_use_builder":"on","_et_pb_old_content":"","_et_gb_content_width":"","_monsterinsights_skip_tracking":false,"_monsterinsights_sitenote_active":false,"_monsterinsights_sitenote_note":"","_monsterinsights_sitenote_category":0,"footnotes":""},"class_list":["post-2637","page","type-page","status-publish","hentry"],"yoast_head":"<!-- This site is optimized with the Yoast SEO plugin v26.5 - https:\/\/yoast.com\/wordpress\/plugins\/seo\/ -->\n<title>Taxi plong\u00e9e - Taxi Diver<\/title>\n<meta name=\"robots\" content=\"index, follow, max-snippet:-1, max-image-preview:large, max-video-preview:-1\" \/>\n<link rel=\"canonical\" href=\"https:\/\/www.taxidiver.es\/fr\/taxi-plongee\/\" \/>\n<meta property=\"og:locale\" content=\"fr_FR\" \/>\n<meta property=\"og:type\" content=\"article\" \/>\n<meta property=\"og:title\" content=\"Taxi plong\u00e9e - Taxi Diver\" \/>\n<meta property=\"og:description\" content=\"Taxi-plongeurVous en avez assez de plonger \u00e0 Castro Urdiales toujours aux m\u00eames endroits ? Faites de la plong\u00e9e sous-marine ou avec tuba sur des sites de plong\u00e9e charg\u00e9s d&#039;histoire.Vous en avez assez de plonger \u00e0 Castro Urdiales toujours aux m\u00eames endroits ? Contactez nouset nous organiserons le voyage de plong\u00e9e que vous recherchez n&#039;importe o\u00f9 [&hellip;]\" \/>\n<meta property=\"og:url\" content=\"https:\/\/www.taxidiver.es\/fr\/taxi-plongee\/\" \/>\n<meta property=\"og:site_name\" content=\"Taxi Diver\" \/>\n<meta property=\"article:modified_time\" content=\"2025-01-10T08:21:45+00:00\" \/>\n<meta property=\"og:image\" content=\"https:\/\/www.taxidiver.es\/wp-content\/uploads\/2022\/01\/logo_cabecera_horizontal.jpg\" \/>\n\t<meta property=\"og:image:width\" content=\"600\" \/>\n\t<meta property=\"og:image:height\" content=\"342\" \/>\n\t<meta property=\"og:image:type\" content=\"image\/jpeg\" \/>\n<meta name=\"twitter:card\" content=\"summary_large_image\" \/>\n<script type=\"application\/ld+json\" class=\"yoast-schema-graph\">{\"@context\":\"https:\/\/schema.org\",\"@graph\":[{\"@type\":\"WebPage\",\"@id\":\"https:\/\/www.taxidiver.es\/fr\/taxi-plongee\/\",\"url\":\"https:\/\/www.taxidiver.es\/fr\/taxi-plongee\/\",\"name\":\"Taxi plong\u00e9e - Taxi Diver\",\"isPartOf\":{\"@id\":\"https:\/\/www.taxidiver.es\/fr\/#website\"},\"datePublished\":\"2024-12-20T10:34:44+00:00\",\"dateModified\":\"2025-01-10T08:21:45+00:00\",\"breadcrumb\":{\"@id\":\"https:\/\/www.taxidiver.es\/fr\/taxi-plongee\/#breadcrumb\"},\"inLanguage\":\"fr-FR\",\"potentialAction\":[{\"@type\":\"ReadAction\",\"target\":[\"https:\/\/www.taxidiver.es\/fr\/taxi-plongee\/\"]}]},{\"@type\":\"BreadcrumbList\",\"@id\":\"https:\/\/www.taxidiver.es\/fr\/taxi-plongee\/#breadcrumb\",\"itemListElement\":[{\"@type\":\"ListItem\",\"position\":1,\"name\":\"Portada\",\"item\":\"https:\/\/www.taxidiver.es\/fr\/\"},{\"@type\":\"ListItem\",\"position\":2,\"name\":\"Taxi plong\u00e9e\"}]},{\"@type\":\"WebSite\",\"@id\":\"https:\/\/www.taxidiver.es\/fr\/#website\",\"url\":\"https:\/\/www.taxidiver.es\/fr\/\",\"name\":\"Taxi Diver\",\"description\":\"Alquiler de barco para actividades na\u00faticas\",\"publisher\":{\"@id\":\"https:\/\/www.taxidiver.es\/fr\/#organization\"},\"potentialAction\":[{\"@type\":\"SearchAction\",\"target\":{\"@type\":\"EntryPoint\",\"urlTemplate\":\"https:\/\/www.taxidiver.es\/fr\/?s={search_term_string}\"},\"query-input\":{\"@type\":\"PropertyValueSpecification\",\"valueRequired\":true,\"valueName\":\"search_term_string\"}}],\"inLanguage\":\"fr-FR\"},{\"@type\":\"Organization\",\"@id\":\"https:\/\/www.taxidiver.es\/fr\/#organization\",\"name\":\"Taxi Diver\",\"url\":\"https:\/\/www.taxidiver.es\/fr\/\",\"logo\":{\"@type\":\"ImageObject\",\"inLanguage\":\"fr-FR\",\"@id\":\"https:\/\/www.taxidiver.es\/fr\/#\/schema\/logo\/image\/\",\"url\":\"https:\/\/www.taxidiver.es\/wp-content\/uploads\/2022\/01\/logo_cabecera_horizontal.jpg\",\"contentUrl\":\"https:\/\/www.taxidiver.es\/wp-content\/uploads\/2022\/01\/logo_cabecera_horizontal.jpg\",\"width\":600,\"height\":342,\"caption\":\"Taxi Diver\"},\"image\":{\"@id\":\"https:\/\/www.taxidiver.es\/fr\/#\/schema\/logo\/image\/\"}}]}<\/script>\n<!-- \/ Yoast SEO plugin. -->","yoast_head_json":{"title":"Taxi plong\u00e9e - Taxi Diver","robots":{"index":"index","follow":"follow","max-snippet":"max-snippet:-1","max-image-preview":"max-image-preview:large","max-video-preview":"max-video-preview:-1"},"canonical":"https:\/\/www.taxidiver.es\/fr\/taxi-plongee\/","og_locale":"fr_FR","og_type":"article","og_title":"Taxi plong\u00e9e - Taxi Diver","og_description":"Taxi-plongeurVous en avez assez de plonger \u00e0 Castro Urdiales toujours aux m\u00eames endroits ? Faites de la plong\u00e9e sous-marine ou avec tuba sur des sites de plong\u00e9e charg\u00e9s d'histoire.Vous en avez assez de plonger \u00e0 Castro Urdiales toujours aux m\u00eames endroits ? Contactez nouset nous organiserons le voyage de plong\u00e9e que vous recherchez n'importe o\u00f9 [&hellip;]","og_url":"https:\/\/www.taxidiver.es\/fr\/taxi-plongee\/","og_site_name":"Taxi Diver","article_modified_time":"2025-01-10T08:21:45+00:00","og_image":[{"width":600,"height":342,"url":"https:\/\/www.taxidiver.es\/wp-content\/uploads\/2022\/01\/logo_cabecera_horizontal.jpg","type":"image\/jpeg"}],"twitter_card":"summary_large_image","schema":{"@context":"https:\/\/schema.org","@graph":[{"@type":"WebPage","@id":"https:\/\/www.taxidiver.es\/fr\/taxi-plongee\/","url":"https:\/\/www.taxidiver.es\/fr\/taxi-plongee\/","name":"Taxi plong\u00e9e - Taxi Diver","isPartOf":{"@id":"https:\/\/www.taxidiver.es\/fr\/#website"},"datePublished":"2024-12-20T10:34:44+00:00","dateModified":"2025-01-10T08:21:45+00:00","breadcrumb":{"@id":"https:\/\/www.taxidiver.es\/fr\/taxi-plongee\/#breadcrumb"},"inLanguage":"fr-FR","potentialAction":[{"@type":"ReadAction","target":["https:\/\/www.taxidiver.es\/fr\/taxi-plongee\/"]}]},{"@type":"BreadcrumbList","@id":"https:\/\/www.taxidiver.es\/fr\/taxi-plongee\/#breadcrumb","itemListElement":[{"@type":"ListItem","position":1,"name":"Portada","item":"https:\/\/www.taxidiver.es\/fr\/"},{"@type":"ListItem","position":2,"name":"Taxi plong\u00e9e"}]},{"@type":"WebSite","@id":"https:\/\/www.taxidiver.es\/fr\/#website","url":"https:\/\/www.taxidiver.es\/fr\/","name":"Taxi Diver","description":"Alquiler de barco para actividades na\u00faticas","publisher":{"@id":"https:\/\/www.taxidiver.es\/fr\/#organization"},"potentialAction":[{"@type":"SearchAction","target":{"@type":"EntryPoint","urlTemplate":"https:\/\/www.taxidiver.es\/fr\/?s={search_term_string}"},"query-input":{"@type":"PropertyValueSpecification","valueRequired":true,"valueName":"search_term_string"}}],"inLanguage":"fr-FR"},{"@type":"Organization","@id":"https:\/\/www.taxidiver.es\/fr\/#organization","name":"Taxi Diver","url":"https:\/\/www.taxidiver.es\/fr\/","logo":{"@type":"ImageObject","inLanguage":"fr-FR","@id":"https:\/\/www.taxidiver.es\/fr\/#\/schema\/logo\/image\/","url":"https:\/\/www.taxidiver.es\/wp-content\/uploads\/2022\/01\/logo_cabecera_horizontal.jpg","contentUrl":"https:\/\/www.taxidiver.es\/wp-content\/uploads\/2022\/01\/logo_cabecera_horizontal.jpg","width":600,"height":342,"caption":"Taxi Diver"},"image":{"@id":"https:\/\/www.taxidiver.es\/fr\/#\/schema\/logo\/image\/"}}]}},"_links":{"self":[{"href":"https:\/\/www.taxidiver.es\/fr\/wp-json\/wp\/v2\/pages\/2637","targetHints":{"allow":["GET"]}}],"collection":[{"href":"https:\/\/www.taxidiver.es\/fr\/wp-json\/wp\/v2\/pages"}],"about":[{"href":"https:\/\/www.taxidiver.es\/fr\/wp-json\/wp\/v2\/types\/page"}],"author":[{"embeddable":true,"href":"https:\/\/www.taxidiver.es\/fr\/wp-json\/wp\/v2\/users\/990003"}],"replies":[{"embeddable":true,"href":"https:\/\/www.taxidiver.es\/fr\/wp-json\/wp\/v2\/comments?post=2637"}],"version-history":[{"count":2,"href":"https:\/\/www.taxidiver.es\/fr\/wp-json\/wp\/v2\/pages\/2637\/revisions"}],"predecessor-version":[{"id":2639,"href":"https:\/\/www.taxidiver.es\/fr\/wp-json\/wp\/v2\/pages\/2637\/revisions\/2639"}],"wp:attachment":[{"href":"https:\/\/www.taxidiver.es\/fr\/wp-json\/wp\/v2\/media?parent=2637"}],"curies":[{"name":"wp","href":"https:\/\/api.w.org\/{rel}","templated":true}]}}