{"id":2516,"date":"2024-03-13T07:01:51","date_gmt":"2024-03-13T07:01:51","guid":{"rendered":"http:\/\/www.taxidiver.es\/actividades-cantabria\/"},"modified":"2025-01-10T08:23:50","modified_gmt":"2025-01-10T08:23:50","slug":"actividades-cantabria","status":"publish","type":"page","link":"https:\/\/www.taxidiver.es\/fr\/actividades-cantabria\/","title":{"rendered":"Activit\u00e9s en Cantabrie"},"content":{"rendered":"<p>[et_pb_section fb_built=\u00a0\u00bb1&Prime; custom_padding_last_edited=\u00a0\u00bbon|phone\u00a0\u00bb admin_label=\u00a0\u00bbHeader\u00a0\u00bb _builder_version=\u00a0\u00bb4.27.4&Prime; _module_preset=\u00a0\u00bbdefault\u00a0\u00bb use_background_color_gradient=\u00a0\u00bbon\u00a0\u00bb background_color_gradient_stops=\u00a0\u00bbrgba(18,17,93,0.4) 0%|rgba(10,0,0,0.73) 100%\u00a0\u00bb background_color_gradient_overlays_image=\u00a0\u00bbon\u00a0\u00bb background_color_gradient_start=\u00a0\u00bbrgba(18,17,93,0.4)\u00a0\u00bb background_color_gradient_end=\u00a0\u00bbrgba(18,17,93,0.93)\u00a0\u00bb background_image=\u00a0\u00bbhttp:\/\/www.taxidiver.es\/wp-content\/uploads\/2022\/02\/vistas_castro_urdiales.jpg\u00a0\u00bb custom_padding=\u00a0\u00bb48px||48px||true|false\u00a0\u00bb custom_padding_tablet=\u00a0\u00bb100px||100px||true|false\u00a0\u00bb custom_padding_phone=\u00a0\u00bb80px||80px||true|false\u00a0\u00bb locked=\u00a0\u00bboff\u00a0\u00bb global_colors_info=\u00a0\u00bb{}\u00a0\u00bb theme_builder_area=\u00a0\u00bbpost_content\u00a0\u00bb][et_pb_row _builder_version=\u00a0\u00bb4.27.4&Prime; _module_preset=\u00a0\u00bbdefault\u00a0\u00bb theme_builder_area=\u00a0\u00bbpost_content\u00a0\u00bb][et_pb_column _builder_version=\u00a0\u00bb4.27.4&Prime; _module_preset=\u00a0\u00bbdefault\u00a0\u00bb type=\u00a0\u00bb4_4&Prime; theme_builder_area=\u00a0\u00bbpost_content\u00a0\u00bb][et_pb_text _builder_version=\u00a0\u00bb4.27.4&Prime; _module_preset=\u00a0\u00bbd72c0383-6487-4f2c-ac5c-7d48a6376757&Prime; header_font=\u00a0\u00bbPlayfair Display||||||||\u00a0\u00bb header_text_color=\u00a0\u00bb#FFFFFF\u00a0\u00bb header_font_size=\u00a0\u00bb77px\u00a0\u00bb animation_direction=\u00a0\u00bbtop\u00a0\u00bb hover_enabled=\u00a0\u00bb0&Prime; header_font_size_tablet=\u00a0\u00bb10vw\u00a0\u00bb header_font_size_phone=\u00a0\u00bb\u00a0\u00bb header_font_size_last_edited=\u00a0\u00bbon|phone\u00a0\u00bb global_colors_info=\u00a0\u00bb{}\u00a0\u00bb theme_builder_area=\u00a0\u00bbpost_content\u00a0\u00bb sticky_enabled=\u00a0\u00bb0&Prime;]<\/p>\n<h1>Activit\u00e9s en Cantabrie<\/h1>\n<p>[\/et_pb_text][\/et_pb_column][\/et_pb_row][et_pb_row column_structure=\u00a0\u00bb1_2,1_2&Prime; _builder_version=\u00a0\u00bb4.27.4&Prime; _module_preset=\u00a0\u00bbdefault\u00a0\u00bb global_colors_info=\u00a0\u00bb{}\u00a0\u00bb theme_builder_area=\u00a0\u00bbpost_content\u00a0\u00bb][et_pb_column type=\u00a0\u00bb1_2&Prime; _builder_version=\u00a0\u00bb4.16&Prime; _module_preset=\u00a0\u00bbdefault\u00a0\u00bb global_colors_info=\u00a0\u00bb{}\u00a0\u00bb theme_builder_area=\u00a0\u00bbpost_content\u00a0\u00bb][et_pb_text _builder_version=\u00a0\u00bb4.27.4&Prime; _module_preset=\u00a0\u00bb1d866de3-b108-4c5f-bed3-2da9506a6915&Prime; header_font=\u00a0\u00bb||||||||\u00a0\u00bb header_4_font=\u00a0\u00bbMerriweather||||||||\u00a0\u00bb header_4_text_color=\u00a0\u00bb#FFFFFF\u00a0\u00bb header_4_line_height=\u00a0\u00bb1.8em\u00a0\u00bb hover_enabled=\u00a0\u00bb0&Prime; header_4_font_size_tablet=\u00a0\u00bb16px\u00a0\u00bb header_4_font_size_phone=\u00a0\u00bb14px\u00a0\u00bb header_4_font_size_last_edited=\u00a0\u00bbon|tablet\u00a0\u00bb locked=\u00a0\u00bboff\u00a0\u00bb global_colors_info=\u00a0\u00bb{}\u00a0\u00bb theme_builder_area=\u00a0\u00bbpost_content\u00a0\u00bb sticky_enabled=\u00a0\u00bb0&Prime;]<\/p>\n<h4>Castro est sa mer&#8230;. Et ses montagnes.<\/h4>\n<h4>Vous cherchez des activit\u00e9s en Cantabrie et vous n&rsquo;avez toujours pas trouv\u00e9 quelque chose d&rsquo;assez amusant ou original ?<\/h4>\n<p>[\/et_pb_text][\/et_pb_column][et_pb_column type=\u00a0\u00bb1_2&Prime; _builder_version=\u00a0\u00bb4.16&Prime; _module_preset=\u00a0\u00bbdefault\u00a0\u00bb global_colors_info=\u00a0\u00bb{}\u00a0\u00bb theme_builder_area=\u00a0\u00bbpost_content\u00a0\u00bb][et_pb_button button_url=\u00a0\u00bb@ET-DC@eyJkeW5hbWljIjp0cnVlLCJjb250ZW50IjoicG9zdF9saW5rX3VybF9wYWdlIiwic2V0dGluZ3MiOnsicG9zdF9pZCI6IjE5MzgifX0=@\u00a0\u00bb button_text=\u00a0\u00bbPromenade en bateau\u00a0\u00bb _builder_version=\u00a0\u00bb4.27.4&Prime; _dynamic_attributes=\u00a0\u00bbbutton_url\u00a0\u00bb _module_preset=\u00a0\u00bba93bd5f4-85ca-4af8-aab9-5954042d5969&Prime; custom_button=\u00a0\u00bbon\u00a0\u00bb button_text_size=\u00a0\u00bb14px\u00a0\u00bb button_bg_color=\u00a0\u00bb#FEB801&Prime; button_border_width=\u00a0\u00bb0px\u00a0\u00bb button_border_radius=\u00a0\u00bb0px\u00a0\u00bb button_letter_spacing=\u00a0\u00bb2px\u00a0\u00bb button_font=\u00a0\u00bb|700||on|||||\u00a0\u00bb background_layout=\u00a0\u00bbdark\u00a0\u00bb custom_padding=\u00a0\u00bb14px|35px|14px|35px|true|true\u00a0\u00bb custom_padding_tablet=\u00a0\u00bb12px|30px|12px|30px|true|true\u00a0\u00bb custom_padding_phone=\u00a0\u00bb10px|20px|10px|20px|true|true\u00a0\u00bb custom_padding_last_edited=\u00a0\u00bbon|phone\u00a0\u00bb button_text_size_tablet=\u00a0\u00bb13px\u00a0\u00bb button_text_size_phone=\u00a0\u00bb12px\u00a0\u00bb button_text_size_last_edited=\u00a0\u00bbon|tablet\u00a0\u00bb locked=\u00a0\u00bboff\u00a0\u00bb global_colors_info=\u00a0\u00bb{}\u00a0\u00bb button_bg_color__hover=\u00a0\u00bb#000000&Prime; button_bg_color__hover_enabled=\u00a0\u00bbon|desktop\u00a0\u00bb button_bg_enable_color__hover=\u00a0\u00bbon\u00a0\u00bb theme_builder_area=\u00a0\u00bbpost_content\u00a0\u00bb custom_margin=\u00a0\u00bb||15px||false|false\u00a0\u00bb][\/et_pb_button][et_pb_button button_url=\u00a0\u00bb@ET-DC@eyJkeW5hbWljIjp0cnVlLCJjb250ZW50IjoicG9zdF9saW5rX3VybF9wYWdlIiwic2V0dGluZ3MiOnsicG9zdF9pZCI6IjE5MzUifX0=@\u00a0\u00bb button_text=\u00a0\u00bbQue faire en Cantabrie\u00a0\u00bb _builder_version=\u00a0\u00bb4.27.4&Prime; _dynamic_attributes=\u00a0\u00bbbutton_url\u00a0\u00bb _module_preset=\u00a0\u00bba93bd5f4-85ca-4af8-aab9-5954042d5969&Prime; custom_button=\u00a0\u00bbon\u00a0\u00bb button_text_size=\u00a0\u00bb14px\u00a0\u00bb button_bg_color=\u00a0\u00bb#097edc\u00a0\u00bb button_border_width=\u00a0\u00bb0px\u00a0\u00bb button_border_radius=\u00a0\u00bb0px\u00a0\u00bb button_letter_spacing=\u00a0\u00bb2px\u00a0\u00bb button_font=\u00a0\u00bb|700||on|||||\u00a0\u00bb background_layout=\u00a0\u00bbdark\u00a0\u00bb custom_padding=\u00a0\u00bb14px|35px|14px|35px|true|true\u00a0\u00bb custom_padding_tablet=\u00a0\u00bb12px|30px|12px|30px|true|true\u00a0\u00bb custom_padding_phone=\u00a0\u00bb10px|20px|10px|20px|true|true\u00a0\u00bb custom_padding_last_edited=\u00a0\u00bbon|phone\u00a0\u00bb button_text_size_tablet=\u00a0\u00bb13px\u00a0\u00bb button_text_size_phone=\u00a0\u00bb12px\u00a0\u00bb button_text_size_last_edited=\u00a0\u00bbon|tablet\u00a0\u00bb locked=\u00a0\u00bboff\u00a0\u00bb global_colors_info=\u00a0\u00bb{}\u00a0\u00bb button_bg_color__hover=\u00a0\u00bb#000000&Prime; button_bg_color__hover_enabled=\u00a0\u00bbon|hover\u00a0\u00bb button_bg_enable_color__hover=\u00a0\u00bbon\u00a0\u00bb theme_builder_area=\u00a0\u00bbpost_content\u00a0\u00bb][\/et_pb_button][et_pb_button button_url=\u00a0\u00bb@ET-DC@eyJkeW5hbWljIjp0cnVlLCJjb250ZW50IjoicG9zdF9saW5rX3VybF9wYWdlIiwic2V0dGluZ3MiOnsicG9zdF9pZCI6IjE5NDIifX0=@\u00a0\u00bb button_text=\u00a0\u00bbQue faire \u00e0 Castro Urdiales\u00a0\u00bb _builder_version=\u00a0\u00bb4.27.4&Prime; _dynamic_attributes=\u00a0\u00bbbutton_url\u00a0\u00bb _module_preset=\u00a0\u00bba93bd5f4-85ca-4af8-aab9-5954042d5969&Prime; custom_button=\u00a0\u00bbon\u00a0\u00bb button_text_size=\u00a0\u00bb14px\u00a0\u00bb button_bg_color=\u00a0\u00bb#005497&Prime; button_border_width=\u00a0\u00bb0px\u00a0\u00bb button_border_radius=\u00a0\u00bb0px\u00a0\u00bb button_letter_spacing=\u00a0\u00bb2px\u00a0\u00bb button_font=\u00a0\u00bb|700||on|||||\u00a0\u00bb background_layout=\u00a0\u00bbdark\u00a0\u00bb custom_padding=\u00a0\u00bb14px|35px|14px|35px|true|true\u00a0\u00bb custom_padding_tablet=\u00a0\u00bb12px|30px|12px|30px|true|true\u00a0\u00bb custom_padding_phone=\u00a0\u00bb10px|20px|10px|20px|true|true\u00a0\u00bb custom_padding_last_edited=\u00a0\u00bbon|phone\u00a0\u00bb button_text_size_tablet=\u00a0\u00bb13px\u00a0\u00bb button_text_size_phone=\u00a0\u00bb12px\u00a0\u00bb button_text_size_last_edited=\u00a0\u00bbon|tablet\u00a0\u00bb locked=\u00a0\u00bboff\u00a0\u00bb global_colors_info=\u00a0\u00bb{}\u00a0\u00bb button_bg_color__hover=\u00a0\u00bb#000000&Prime; button_bg_color__hover_enabled=\u00a0\u00bbon|hover\u00a0\u00bb button_bg_enable_color__hover=\u00a0\u00bbon\u00a0\u00bb theme_builder_area=\u00a0\u00bbpost_content\u00a0\u00bb][\/et_pb_button][\/et_pb_column][\/et_pb_row][\/et_pb_section][et_pb_section fb_built=\u00a0\u00bb1&Prime; admin_label=\u00a0\u00bbFeature\u00a0\u00bb _builder_version=\u00a0\u00bb4.16&Prime; _module_preset=\u00a0\u00bbdefault\u00a0\u00bb locked=\u00a0\u00bboff\u00a0\u00bb global_colors_info=\u00a0\u00bb{}\u00a0\u00bb theme_builder_area=\u00a0\u00bbpost_content\u00a0\u00bb][et_pb_row column_structure=\u00a0\u00bb1_2,1_2&Prime; _builder_version=\u00a0\u00bb4.27.4&Prime; _module_preset=\u00a0\u00bbdefault\u00a0\u00bb global_colors_info=\u00a0\u00bb{}\u00a0\u00bb theme_builder_area=\u00a0\u00bbpost_content\u00a0\u00bb][et_pb_column type=\u00a0\u00bb1_2&Prime; _builder_version=\u00a0\u00bb4.16&Prime; _module_preset=\u00a0\u00bbdefault\u00a0\u00bb global_colors_info=\u00a0\u00bb{}\u00a0\u00bb theme_builder_area=\u00a0\u00bbpost_content\u00a0\u00bb][et_pb_image src=\u00a0\u00bbhttp:\/\/www.taxidiver.es\/wp-content\/uploads\/2022\/02\/ostende.jpg\u00a0\u00bb alt=\u00a0\u00bbostende\u00a0\u00bb title_text=\u00a0\u00bbostende\u00a0\u00bb _builder_version=\u00a0\u00bb4.27.4&Prime; _module_preset=\u00a0\u00bbdefault\u00a0\u00bb hover_enabled=\u00a0\u00bb0&Prime; locked=\u00a0\u00bboff\u00a0\u00bb global_colors_info=\u00a0\u00bb{}\u00a0\u00bb theme_builder_area=\u00a0\u00bbpost_content\u00a0\u00bb sticky_enabled=\u00a0\u00bb0&Prime;][\/et_pb_image][\/et_pb_column][et_pb_column type=\u00a0\u00bb1_2&Prime; _builder_version=\u00a0\u00bb4.27.4&Prime; _module_preset=\u00a0\u00bbdefault\u00a0\u00bb custom_padding=\u00a0\u00bb||||false|false\u00a0\u00bb custom_padding_tablet=\u00a0\u00bb0px||||false|false\u00a0\u00bb custom_padding_phone=\u00a0\u00bb\u00a0\u00bb custom_padding_last_edited=\u00a0\u00bbon|phone\u00a0\u00bb global_colors_info=\u00a0\u00bb{}\u00a0\u00bb theme_builder_area=\u00a0\u00bbpost_content\u00a0\u00bb][et_pb_text _builder_version=\u00a0\u00bb4.27.4&Prime; _module_preset=\u00a0\u00bb16a54059-cc81-4572-9c70-eda6a6c419bf\u00a0\u00bb text_text_color=\u00a0\u00bbrgba(0,0,0,0.8)\u00a0\u00bb text_font_size=\u00a0\u00bb16px\u00a0\u00bb text_line_height=\u00a0\u00bb1.8em\u00a0\u00bb text_orientation=\u00a0\u00bbjustified\u00a0\u00bb hover_enabled=\u00a0\u00bb0&Prime; text_font_size_tablet=\u00a0\u00bb15px\u00a0\u00bb text_font_size_phone=\u00a0\u00bb13px\u00a0\u00bb text_font_size_last_edited=\u00a0\u00bbon|phone\u00a0\u00bb header_font_size_tablet=\u00a0\u00bb55px\u00a0\u00bb header_font_size_last_edited=\u00a0\u00bboff|desktop\u00a0\u00bb locked=\u00a0\u00bboff\u00a0\u00bb global_colors_info=\u00a0\u00bb{}\u00a0\u00bb theme_builder_area=\u00a0\u00bbpost_content\u00a0\u00bb sticky_enabled=\u00a0\u00bb0&Prime;]<\/p>\n<div class=\"vc_row wpb_row vc_row-fluid\">\n<div class=\"wpb_column vc_column_container vc_col-sm-12 sc_layouts_column_icons_position_left\">\n<div class=\"vc_column-inner\">\n<div class=\"wpb_wrapper\">\n<div class=\"wpb_text_column wpb_content_element \">\n<div class=\"wpb_wrapper\">\n<div class=\"wpb_column vc_column_container vc_col-sm-6 sc_layouts_column_icons_position_left\">\n<div class=\"vc_column-inner\">\n<div class=\"wpb_wrapper\">\n<div class=\"wpb_text_column wpb_content_element \">\n<div class=\"wpb_wrapper\">\n<p>Nous vous pr\u00e9sentons notre <strong>Taxi Diver<\/strong>, une exp\u00e9rience diff\u00e9rente en mer pour admirer la c\u00f4te cantabrique dans la ville de Castro Urdiales et \u00e0 deux pas de Santander et de Bilbao.<\/p>\n<p>Venez passer la journ\u00e9e dans notre magnifique village de p\u00eacheurs, o\u00f9 vous pourrez profiter d&rsquo;une merveilleuse <strong>promenade en bateau<\/strong>, d&rsquo;une exp\u00e9rience de <strong>plong\u00e9e<\/strong> spectaculaire et inoubliable, <strong>vous baigner<\/strong> ou <strong>prendre un d\u00e9jeuner <\/strong>totalement diff\u00e9rent.<\/p>\n<\/div>\n<\/div>\n<\/div>\n<\/div>\n<\/div>\n<\/div>\n<\/div>\n<\/div>\n<\/div>\n<\/div>\n<\/div>\n<div data-vc-full-width=\"true\" data-vc-full-width-init=\"true\" class=\"vc_row wpb_row vc_row-fluid\">\n<div class=\"wpb_column vc_column_container vc_col-sm-12 sc_layouts_column_icons_position_left\">\n<div class=\"vc_column-inner\">\n<div class=\"wpb_wrapper\">\n<div class=\"vc_empty_space height_large\"><\/div>\n<\/div>\n<\/div>\n<\/div>\n<\/div>\n<p>[\/et_pb_text][et_pb_button button_url=\u00a0\u00bb@ET-DC@eyJkeW5hbWljIjp0cnVlLCJjb250ZW50IjoicG9zdF9saW5rX3VybF9wYWdlIiwic2V0dGluZ3MiOnsicG9zdF9pZCI6IjQ1In19@\u00a0\u00bb button_text=\u00a0\u00bbContactez-nous\u00a0\u00bb _builder_version=\u00a0\u00bb4.27.4&Prime; _dynamic_attributes=\u00a0\u00bbbutton_url\u00a0\u00bb _module_preset=\u00a0\u00bbfd4cbe8d-44bb-4497-977d-4a9151abc25c\u00a0\u00bb custom_button=\u00a0\u00bbon\u00a0\u00bb button_text_size=\u00a0\u00bb14px\u00a0\u00bb button_bg_color=\u00a0\u00bb#FEB801&Prime; button_border_width=\u00a0\u00bb0px\u00a0\u00bb button_border_radius=\u00a0\u00bb0px\u00a0\u00bb button_letter_spacing=\u00a0\u00bb2px\u00a0\u00bb button_font=\u00a0\u00bb|700||on|||||\u00a0\u00bb background_layout=\u00a0\u00bbdark\u00a0\u00bb custom_padding=\u00a0\u00bb14px|35px|14px|35px|true|true\u00a0\u00bb custom_padding_tablet=\u00a0\u00bb12px|30px|12px|30px|true|true\u00a0\u00bb custom_padding_phone=\u00a0\u00bb10px|20px|10px|20px|true|true\u00a0\u00bb custom_padding_last_edited=\u00a0\u00bbon|phone\u00a0\u00bb button_text_size_tablet=\u00a0\u00bb13px\u00a0\u00bb button_text_size_phone=\u00a0\u00bb12px\u00a0\u00bb button_text_size_last_edited=\u00a0\u00bbon|tablet\u00a0\u00bb locked=\u00a0\u00bboff\u00a0\u00bb global_colors_info=\u00a0\u00bb{}\u00a0\u00bb button_bg_color__hover=\u00a0\u00bb#000000&Prime; button_bg_color__hover_enabled=\u00a0\u00bbon|desktop\u00a0\u00bb theme_builder_area=\u00a0\u00bbpost_content\u00a0\u00bb][\/et_pb_button][\/et_pb_column][\/et_pb_row][et_pb_row _builder_version=\u00a0\u00bb4.27.4&Prime; _module_preset=\u00a0\u00bbdefault\u00a0\u00bb theme_builder_area=\u00a0\u00bbpost_content\u00a0\u00bb][et_pb_column _builder_version=\u00a0\u00bb4.27.4&Prime; _module_preset=\u00a0\u00bbdefault\u00a0\u00bb type=\u00a0\u00bb4_4&Prime; theme_builder_area=\u00a0\u00bbpost_content\u00a0\u00bb][et_pb_gallery _builder_version=\u00a0\u00bb4.27.4&Prime; _module_preset=\u00a0\u00bbdefault\u00a0\u00bb theme_builder_area=\u00a0\u00bbpost_content\u00a0\u00bb gallery_ids=\u00a0\u00bb1896,1421,1440,1432,1471,1472,1469,1468,1428,1422,1424,1425,1419,1418,2151,2154,2220,2223,2232,2226,2229&Prime; posts_number=\u00a0\u00bb12&Prime; show_title_and_caption=\u00a0\u00bboff\u00a0\u00bb show_pagination=\u00a0\u00bboff\u00a0\u00bb hover_enabled=\u00a0\u00bb0&Prime; sticky_enabled=\u00a0\u00bb0&Prime;][\/et_pb_gallery][\/et_pb_column][\/et_pb_row][\/et_pb_section]<\/p>\n","protected":false},"excerpt":{"rendered":"<p>Activit\u00e9s en CantabrieCastro est sa mer&#8230;. Et ses montagnes. Vous cherchez des activit\u00e9s en Cantabrie et vous n&rsquo;avez toujours pas trouv\u00e9 quelque chose d&rsquo;assez amusant ou original ? Nous vous pr\u00e9sentons notre Taxi Diver, une exp\u00e9rience diff\u00e9rente en mer pour admirer la c\u00f4te cantabrique dans la ville de Castro Urdiales et \u00e0 deux pas de [&hellip;]<\/p>\n","protected":false},"author":990003,"featured_media":0,"parent":0,"menu_order":0,"comment_status":"closed","ping_status":"closed","template":"","meta":{"_et_pb_use_builder":"on","_et_pb_old_content":"","_et_gb_content_width":"","_monsterinsights_skip_tracking":false,"_monsterinsights_sitenote_active":false,"_monsterinsights_sitenote_note":"","_monsterinsights_sitenote_category":0,"footnotes":""},"class_list":["post-2516","page","type-page","status-publish","hentry"],"yoast_head":"<!-- This site is optimized with the Yoast SEO plugin v26.5 - https:\/\/yoast.com\/wordpress\/plugins\/seo\/ -->\n<title>Activit\u00e9s en Cantabrie - Taxi Diver<\/title>\n<meta name=\"description\" content=\"D\u00e9couvrez les meilleures activit\u00e9s en Cantabrie pour profiter au maximum de votre temps libre. Trouvez du plaisir et de l&#039;aventure sur notre site Web !\" \/>\n<meta name=\"robots\" content=\"index, follow, max-snippet:-1, max-image-preview:large, max-video-preview:-1\" \/>\n<link rel=\"canonical\" href=\"https:\/\/www.taxidiver.es\/fr\/actividades-cantabria\/\" \/>\n<meta property=\"og:locale\" content=\"fr_FR\" \/>\n<meta property=\"og:type\" content=\"article\" \/>\n<meta property=\"og:title\" content=\"Activit\u00e9s en Cantabrie - Taxi Diver\" \/>\n<meta property=\"og:description\" content=\"D\u00e9couvrez les meilleures activit\u00e9s en Cantabrie pour profiter au maximum de votre temps libre. Trouvez du plaisir et de l&#039;aventure sur notre site Web !\" \/>\n<meta property=\"og:url\" content=\"https:\/\/www.taxidiver.es\/fr\/actividades-cantabria\/\" \/>\n<meta property=\"og:site_name\" content=\"Taxi Diver\" \/>\n<meta property=\"article:modified_time\" content=\"2025-01-10T08:23:50+00:00\" \/>\n<meta property=\"og:image\" content=\"https:\/\/www.taxidiver.es\/wp-content\/uploads\/2022\/01\/logo_cabecera_horizontal.jpg\" \/>\n\t<meta property=\"og:image:width\" content=\"600\" \/>\n\t<meta property=\"og:image:height\" content=\"342\" \/>\n\t<meta property=\"og:image:type\" content=\"image\/jpeg\" \/>\n<meta name=\"twitter:card\" content=\"summary_large_image\" \/>\n<script type=\"application\/ld+json\" class=\"yoast-schema-graph\">{\"@context\":\"https:\/\/schema.org\",\"@graph\":[{\"@type\":\"WebPage\",\"@id\":\"https:\/\/www.taxidiver.es\/fr\/actividades-cantabria\/\",\"url\":\"https:\/\/www.taxidiver.es\/fr\/actividades-cantabria\/\",\"name\":\"Activit\u00e9s en Cantabrie - Taxi Diver\",\"isPartOf\":{\"@id\":\"https:\/\/www.taxidiver.es\/fr\/#website\"},\"datePublished\":\"2024-03-13T07:01:51+00:00\",\"dateModified\":\"2025-01-10T08:23:50+00:00\",\"description\":\"D\u00e9couvrez les meilleures activit\u00e9s en Cantabrie pour profiter au maximum de votre temps libre. Trouvez du plaisir et de l'aventure sur notre site Web !\",\"breadcrumb\":{\"@id\":\"https:\/\/www.taxidiver.es\/fr\/actividades-cantabria\/#breadcrumb\"},\"inLanguage\":\"fr-FR\",\"potentialAction\":[{\"@type\":\"ReadAction\",\"target\":[\"https:\/\/www.taxidiver.es\/fr\/actividades-cantabria\/\"]}]},{\"@type\":\"BreadcrumbList\",\"@id\":\"https:\/\/www.taxidiver.es\/fr\/actividades-cantabria\/#breadcrumb\",\"itemListElement\":[{\"@type\":\"ListItem\",\"position\":1,\"name\":\"Portada\",\"item\":\"https:\/\/www.taxidiver.es\/fr\/\"},{\"@type\":\"ListItem\",\"position\":2,\"name\":\"Activit\u00e9s en Cantabrie\"}]},{\"@type\":\"WebSite\",\"@id\":\"https:\/\/www.taxidiver.es\/fr\/#website\",\"url\":\"https:\/\/www.taxidiver.es\/fr\/\",\"name\":\"Taxi Diver\",\"description\":\"Alquiler de barco para actividades na\u00faticas\",\"publisher\":{\"@id\":\"https:\/\/www.taxidiver.es\/fr\/#organization\"},\"potentialAction\":[{\"@type\":\"SearchAction\",\"target\":{\"@type\":\"EntryPoint\",\"urlTemplate\":\"https:\/\/www.taxidiver.es\/fr\/?s={search_term_string}\"},\"query-input\":{\"@type\":\"PropertyValueSpecification\",\"valueRequired\":true,\"valueName\":\"search_term_string\"}}],\"inLanguage\":\"fr-FR\"},{\"@type\":\"Organization\",\"@id\":\"https:\/\/www.taxidiver.es\/fr\/#organization\",\"name\":\"Taxi Diver\",\"url\":\"https:\/\/www.taxidiver.es\/fr\/\",\"logo\":{\"@type\":\"ImageObject\",\"inLanguage\":\"fr-FR\",\"@id\":\"https:\/\/www.taxidiver.es\/fr\/#\/schema\/logo\/image\/\",\"url\":\"https:\/\/www.taxidiver.es\/wp-content\/uploads\/2022\/01\/logo_cabecera_horizontal.jpg\",\"contentUrl\":\"https:\/\/www.taxidiver.es\/wp-content\/uploads\/2022\/01\/logo_cabecera_horizontal.jpg\",\"width\":600,\"height\":342,\"caption\":\"Taxi Diver\"},\"image\":{\"@id\":\"https:\/\/www.taxidiver.es\/fr\/#\/schema\/logo\/image\/\"}}]}<\/script>\n<!-- \/ Yoast SEO plugin. -->","yoast_head_json":{"title":"Activit\u00e9s en Cantabrie - Taxi Diver","description":"D\u00e9couvrez les meilleures activit\u00e9s en Cantabrie pour profiter au maximum de votre temps libre. Trouvez du plaisir et de l'aventure sur notre site Web !","robots":{"index":"index","follow":"follow","max-snippet":"max-snippet:-1","max-image-preview":"max-image-preview:large","max-video-preview":"max-video-preview:-1"},"canonical":"https:\/\/www.taxidiver.es\/fr\/actividades-cantabria\/","og_locale":"fr_FR","og_type":"article","og_title":"Activit\u00e9s en Cantabrie - Taxi Diver","og_description":"D\u00e9couvrez les meilleures activit\u00e9s en Cantabrie pour profiter au maximum de votre temps libre. Trouvez du plaisir et de l'aventure sur notre site Web !","og_url":"https:\/\/www.taxidiver.es\/fr\/actividades-cantabria\/","og_site_name":"Taxi Diver","article_modified_time":"2025-01-10T08:23:50+00:00","og_image":[{"width":600,"height":342,"url":"https:\/\/www.taxidiver.es\/wp-content\/uploads\/2022\/01\/logo_cabecera_horizontal.jpg","type":"image\/jpeg"}],"twitter_card":"summary_large_image","schema":{"@context":"https:\/\/schema.org","@graph":[{"@type":"WebPage","@id":"https:\/\/www.taxidiver.es\/fr\/actividades-cantabria\/","url":"https:\/\/www.taxidiver.es\/fr\/actividades-cantabria\/","name":"Activit\u00e9s en Cantabrie - Taxi Diver","isPartOf":{"@id":"https:\/\/www.taxidiver.es\/fr\/#website"},"datePublished":"2024-03-13T07:01:51+00:00","dateModified":"2025-01-10T08:23:50+00:00","description":"D\u00e9couvrez les meilleures activit\u00e9s en Cantabrie pour profiter au maximum de votre temps libre. Trouvez du plaisir et de l'aventure sur notre site Web !","breadcrumb":{"@id":"https:\/\/www.taxidiver.es\/fr\/actividades-cantabria\/#breadcrumb"},"inLanguage":"fr-FR","potentialAction":[{"@type":"ReadAction","target":["https:\/\/www.taxidiver.es\/fr\/actividades-cantabria\/"]}]},{"@type":"BreadcrumbList","@id":"https:\/\/www.taxidiver.es\/fr\/actividades-cantabria\/#breadcrumb","itemListElement":[{"@type":"ListItem","position":1,"name":"Portada","item":"https:\/\/www.taxidiver.es\/fr\/"},{"@type":"ListItem","position":2,"name":"Activit\u00e9s en Cantabrie"}]},{"@type":"WebSite","@id":"https:\/\/www.taxidiver.es\/fr\/#website","url":"https:\/\/www.taxidiver.es\/fr\/","name":"Taxi Diver","description":"Alquiler de barco para actividades na\u00faticas","publisher":{"@id":"https:\/\/www.taxidiver.es\/fr\/#organization"},"potentialAction":[{"@type":"SearchAction","target":{"@type":"EntryPoint","urlTemplate":"https:\/\/www.taxidiver.es\/fr\/?s={search_term_string}"},"query-input":{"@type":"PropertyValueSpecification","valueRequired":true,"valueName":"search_term_string"}}],"inLanguage":"fr-FR"},{"@type":"Organization","@id":"https:\/\/www.taxidiver.es\/fr\/#organization","name":"Taxi Diver","url":"https:\/\/www.taxidiver.es\/fr\/","logo":{"@type":"ImageObject","inLanguage":"fr-FR","@id":"https:\/\/www.taxidiver.es\/fr\/#\/schema\/logo\/image\/","url":"https:\/\/www.taxidiver.es\/wp-content\/uploads\/2022\/01\/logo_cabecera_horizontal.jpg","contentUrl":"https:\/\/www.taxidiver.es\/wp-content\/uploads\/2022\/01\/logo_cabecera_horizontal.jpg","width":600,"height":342,"caption":"Taxi Diver"},"image":{"@id":"https:\/\/www.taxidiver.es\/fr\/#\/schema\/logo\/image\/"}}]}},"_links":{"self":[{"href":"https:\/\/www.taxidiver.es\/fr\/wp-json\/wp\/v2\/pages\/2516","targetHints":{"allow":["GET"]}}],"collection":[{"href":"https:\/\/www.taxidiver.es\/fr\/wp-json\/wp\/v2\/pages"}],"about":[{"href":"https:\/\/www.taxidiver.es\/fr\/wp-json\/wp\/v2\/types\/page"}],"author":[{"embeddable":true,"href":"https:\/\/www.taxidiver.es\/fr\/wp-json\/wp\/v2\/users\/990003"}],"replies":[{"embeddable":true,"href":"https:\/\/www.taxidiver.es\/fr\/wp-json\/wp\/v2\/comments?post=2516"}],"version-history":[{"count":10,"href":"https:\/\/www.taxidiver.es\/fr\/wp-json\/wp\/v2\/pages\/2516\/revisions"}],"predecessor-version":[{"id":2648,"href":"https:\/\/www.taxidiver.es\/fr\/wp-json\/wp\/v2\/pages\/2516\/revisions\/2648"}],"wp:attachment":[{"href":"https:\/\/www.taxidiver.es\/fr\/wp-json\/wp\/v2\/media?parent=2516"}],"curies":[{"name":"wp","href":"https:\/\/api.w.org\/{rel}","templated":true}]}}