{"id":1846,"date":"2017-04-07T11:57:24","date_gmt":"2017-04-07T11:57:24","guid":{"rendered":"https:\/\/www.taxidiver.es\/servicios\/"},"modified":"2025-01-10T08:20:32","modified_gmt":"2025-01-10T08:20:32","slug":"services-activites","status":"publish","type":"page","link":"https:\/\/www.taxidiver.es\/fr\/services-activites\/","title":{"rendered":"Services"},"content":{"rendered":"<p>[et_pb_section fb_built=\u00a0\u00bb1&Prime; custom_padding_last_edited=\u00a0\u00bbon|desktop\u00a0\u00bb admin_label=\u00a0\u00bbHeader\u00a0\u00bb _builder_version=\u00a0\u00bb4.27.4&Prime; _module_preset=\u00a0\u00bbdefault\u00a0\u00bb use_background_color_gradient=\u00a0\u00bbon\u00a0\u00bb background_color_gradient_stops=\u00a0\u00bbrgba(18,17,93,0.4) 0%|rgba(18,17,93,0.96) 100%\u00a0\u00bb background_color_gradient_overlays_image=\u00a0\u00bbon\u00a0\u00bb background_color_gradient_start=\u00a0\u00bbrgba(18,17,93,0.4)\u00a0\u00bb background_color_gradient_end=\u00a0\u00bbrgba(18,17,93,0.96)\u00a0\u00bb background_image=\u00a0\u00bbhttp:\/\/www.taxidiver.es\/wp-content\/uploads\/2022\/02\/vistas_castro_urdiales.jpg\u00a0\u00bb custom_padding=\u00a0\u00bb49px||49px||true|false\u00a0\u00bb custom_padding_tablet=\u00a0\u00bb140px||140px||true|false\u00a0\u00bb custom_padding_phone=\u00a0\u00bb80px||80px||true|false\u00a0\u00bb hover_enabled=\u00a0\u00bb0&Prime; locked=\u00a0\u00bboff\u00a0\u00bb global_colors_info=\u00a0\u00bb{}\u00a0\u00bb alt=\u00a0\u00bbvistas castro urdiales\u00a0\u00bb title_text=\u00a0\u00bbvistas castro urdiales\u00a0\u00bb sticky_enabled=\u00a0\u00bb0&Prime;][et_pb_row _builder_version=\u00a0\u00bb4.16&Prime; _module_preset=\u00a0\u00bbdefault\u00a0\u00bb global_colors_info=\u00a0\u00bb{}\u00a0\u00bb][et_pb_column type=\u00a0\u00bb4_4&Prime; _builder_version=\u00a0\u00bb4.16&Prime; _module_preset=\u00a0\u00bbdefault\u00a0\u00bb global_colors_info=\u00a0\u00bb{}\u00a0\u00bb][et_pb_text _builder_version=\u00a0\u00bb4.27.4&Prime; _module_preset=\u00a0\u00bbd72c0383-6487-4f2c-ac5c-7d48a6376757&Prime; header_font=\u00a0\u00bbPlayfair Display||||||||\u00a0\u00bb header_text_color=\u00a0\u00bb#FFFFFF\u00a0\u00bb header_font_size=\u00a0\u00bb150px\u00a0\u00bb text_orientation=\u00a0\u00bbcenter\u00a0\u00bb animation_direction=\u00a0\u00bbtop\u00a0\u00bb header_font_size_tablet=\u00a0\u00bb10vw\u00a0\u00bb header_font_size_phone=\u00a0\u00bb\u00a0\u00bb header_font_size_last_edited=\u00a0\u00bbon|phone\u00a0\u00bb global_colors_info=\u00a0\u00bb{}\u00a0\u00bb]<\/p>\n<h1>Services<\/h1>\n<p>[\/et_pb_text][\/et_pb_column][\/et_pb_row][\/et_pb_section][et_pb_section fb_built=\u00a0\u00bb1&Prime; admin_label=\u00a0\u00bbServices\u00a0\u00bb _builder_version=\u00a0\u00bb4.16&Prime; _module_preset=\u00a0\u00bbdefault\u00a0\u00bb global_colors_info=\u00a0\u00bb{}\u00a0\u00bb][et_pb_row column_structure=\u00a0\u00bb1_2,1_2&Prime; _builder_version=\u00a0\u00bb4.27.4&Prime; _module_preset=\u00a0\u00bbdefault\u00a0\u00bb global_colors_info=\u00a0\u00bb{}\u00a0\u00bb][et_pb_column type=\u00a0\u00bb1_2&Prime; _builder_version=\u00a0\u00bb4.27.4&Prime; _dynamic_attributes=\u00a0\u00bblink_option_url\u00a0\u00bb _module_preset=\u00a0\u00bbdefault\u00a0\u00bb use_background_color_gradient=\u00a0\u00bbon\u00a0\u00bb background_color_gradient_stops=\u00a0\u00bbrgba(0,0,0,0) 30%|#00003a 100%\u00a0\u00bb background_color_gradient_overlays_image=\u00a0\u00bbon\u00a0\u00bb background_color_gradient_start=\u00a0\u00bbrgba(0,0,0,0)\u00a0\u00bb background_color_gradient_start_position=\u00a0\u00bb30%\u00a0\u00bb background_color_gradient_end=\u00a0\u00bb#00003a\u00a0\u00bb background_image=\u00a0\u00bbhttp:\/\/www.taxidiver.es\/wp-content\/uploads\/2017\/04\/excursion_barco_castro_urdiales.jpg\u00a0\u00bb transform_scale_last_edited=\u00a0\u00bboff|desktop\u00a0\u00bb transform_translate_last_edited=\u00a0\u00bboff|desktop\u00a0\u00bb transform_rotate_last_edited=\u00a0\u00bboff|desktop\u00a0\u00bb transform_skew_last_edited=\u00a0\u00bboff|desktop\u00a0\u00bb transform_origin_last_edited=\u00a0\u00bboff|desktop\u00a0\u00bb transform_styles_last_edited=\u00a0\u00bboff|desktop\u00a0\u00bb custom_padding=\u00a0\u00bb24%|20px|20px|20px|false|true\u00a0\u00bb custom_padding_tablet=\u00a0\u00bb220px||||false|true\u00a0\u00bb custom_padding_phone=\u00a0\u00bb150px|30px|30px|30px|false|true\u00a0\u00bb custom_padding_last_edited=\u00a0\u00bbon|phone\u00a0\u00bb link_option_url=\u00a0\u00bb@ET-DC@eyJkeW5hbWljIjp0cnVlLCJjb250ZW50IjoicG9zdF9saW5rX3VybF9wYWdlIiwic2V0dGluZ3MiOnsicG9zdF9pZCI6IjIzMzcifX0=@\u00a0\u00bb global_colors_info=\u00a0\u00bb{%22gcid-c9411f34-b37e-4feb-a841-9533663e2403%22:%91%22colorEnd%22%93}\u00a0\u00bb background__hover_enabled=\u00a0\u00bboff|desktop\u00a0\u00bb background_color_gradient_end__hover=\u00a0\u00bb#000000&Prime; use_background_color_gradient__hover=\u00a0\u00bbon\u00a0\u00bb background_color_gradient_start_position__hover=\u00a0\u00bb20%\u00a0\u00bb transform_styles__hover_enabled=\u00a0\u00bbon|desktop\u00a0\u00bb transform_scale__hover_enabled=\u00a0\u00bbon|desktop\u00a0\u00bb transform_translate__hover_enabled=\u00a0\u00bbon|hover\u00a0\u00bb transform_rotate__hover_enabled=\u00a0\u00bbon|hover\u00a0\u00bb transform_skew__hover_enabled=\u00a0\u00bbon|hover\u00a0\u00bb transform_origin__hover_enabled=\u00a0\u00bbon|hover\u00a0\u00bb transform_scale__hover=\u00a0\u00bb102%|102%\u00a0\u00bb background_color_gradient_stops__hover=\u00a0\u00bbrgba(0,0,0,0) 20%|#000000 100%\u00a0\u00bb][et_pb_text _builder_version=\u00a0\u00bb4.27.4&Prime; _module_preset=\u00a0\u00bb3a5fa9a7-7987-4564-89a5-37b87a5b6ad8&Prime; header_font=\u00a0\u00bb||||||||\u00a0\u00bb header_3_font=\u00a0\u00bbPlayfair Display|700|||||||\u00a0\u00bb header_3_text_color=\u00a0\u00bb#FFFFFF\u00a0\u00bb header_3_line_height=\u00a0\u00bb1.6em\u00a0\u00bb custom_margin=\u00a0\u00bb||0px||false|false\u00a0\u00bb header_3_font_size_tablet=\u00a0\u00bb\u00a0\u00bb header_3_font_size_phone=\u00a0\u00bb\u00a0\u00bb header_3_font_size_last_edited=\u00a0\u00bbon|tablet\u00a0\u00bb locked=\u00a0\u00bboff\u00a0\u00bb global_colors_info=\u00a0\u00bb{}\u00a0\u00bb]<\/p>\n<h3>Excursions en bateau et circuits touristiques en mer<\/h3>\n<p>[\/et_pb_text][\/et_pb_column][et_pb_column type=\u00a0\u00bb1_2&Prime; _builder_version=\u00a0\u00bb4.27.4&Prime; _dynamic_attributes=\u00a0\u00bblink_option_url\u00a0\u00bb _module_preset=\u00a0\u00bbdefault\u00a0\u00bb use_background_color_gradient=\u00a0\u00bbon\u00a0\u00bb background_color_gradient_stops=\u00a0\u00bbrgba(0,0,0,0) 30%|#00003a 100%\u00a0\u00bb background_color_gradient_overlays_image=\u00a0\u00bbon\u00a0\u00bb background_color_gradient_start=\u00a0\u00bbrgba(0,0,0,0)\u00a0\u00bb background_color_gradient_start_position=\u00a0\u00bb30%\u00a0\u00bb background_color_gradient_end=\u00a0\u00bb#00003a\u00a0\u00bb background_image=\u00a0\u00bbhttp:\/\/www.taxidiver.es\/wp-content\/uploads\/2017\/04\/bucear_castro_urdiales.jpg\u00a0\u00bb transform_scale_last_edited=\u00a0\u00bboff|desktop\u00a0\u00bb transform_translate_last_edited=\u00a0\u00bboff|desktop\u00a0\u00bb transform_rotate_last_edited=\u00a0\u00bboff|desktop\u00a0\u00bb transform_skew_last_edited=\u00a0\u00bboff|desktop\u00a0\u00bb transform_origin_last_edited=\u00a0\u00bboff|desktop\u00a0\u00bb transform_styles_last_edited=\u00a0\u00bboff|desktop\u00a0\u00bb custom_padding=\u00a0\u00bb24%|20px|20px|20px|false|true\u00a0\u00bb custom_padding_tablet=\u00a0\u00bb220px||||false|true\u00a0\u00bb custom_padding_phone=\u00a0\u00bb150px|30px|30px|30px|false|true\u00a0\u00bb custom_padding_last_edited=\u00a0\u00bboff|phone\u00a0\u00bb link_option_url=\u00a0\u00bb@ET-DC@eyJkeW5hbWljIjp0cnVlLCJjb250ZW50IjoicG9zdF9saW5rX3VybF9wYWdlIiwic2V0dGluZ3MiOnsicG9zdF9pZCI6IjIzMjkifX0=@\u00a0\u00bb global_colors_info=\u00a0\u00bb{%22gcid-c9411f34-b37e-4feb-a841-9533663e2403%22:%91%22colorEnd%22%93}\u00a0\u00bb use_background_color_gradient__hover=\u00a0\u00bbon\u00a0\u00bb background__hover_enabled=\u00a0\u00bboff|desktop\u00a0\u00bb background_color_gradient_end__hover=\u00a0\u00bb#000000&Prime; background_color_gradient_start_position__hover=\u00a0\u00bb20%\u00a0\u00bb transform_styles__hover_enabled=\u00a0\u00bbon|hover\u00a0\u00bb transform_scale__hover=\u00a0\u00bb105%|105%\u00a0\u00bb transform_scale__hover_enabled=\u00a0\u00bbon|hover\u00a0\u00bb transform_translate__hover_enabled=\u00a0\u00bbon|hover\u00a0\u00bb transform_rotate__hover_enabled=\u00a0\u00bbon|hover\u00a0\u00bb transform_skew__hover_enabled=\u00a0\u00bbon|hover\u00a0\u00bb transform_origin__hover_enabled=\u00a0\u00bbon|hover\u00a0\u00bb background_color_gradient_stops__hover=\u00a0\u00bbrgba(0,0,0,0) 20%|#000000 100%\u00a0\u00bb][et_pb_text _builder_version=\u00a0\u00bb4.27.4&Prime; _module_preset=\u00a0\u00bb3a5fa9a7-7987-4564-89a5-37b87a5b6ad8&Prime; header_font=\u00a0\u00bb||||||||\u00a0\u00bb header_3_font=\u00a0\u00bbPlayfair Display|700|||||||\u00a0\u00bb header_3_text_color=\u00a0\u00bb#FFFFFF\u00a0\u00bb header_3_line_height=\u00a0\u00bb1.6em\u00a0\u00bb custom_margin=\u00a0\u00bb||0px||false|false\u00a0\u00bb header_3_font_size_tablet=\u00a0\u00bb\u00a0\u00bb header_3_font_size_phone=\u00a0\u00bb\u00a0\u00bb header_3_font_size_last_edited=\u00a0\u00bbon|tablet\u00a0\u00bb locked=\u00a0\u00bboff\u00a0\u00bb global_colors_info=\u00a0\u00bb{}\u00a0\u00bb header_2_3_font_size_last_edited=\u00a0\u00bbon|tablet\u00a0\u00bb header_3_3_font_size_last_edited=\u00a0\u00bbon|tablet\u00a0\u00bb header_4_3_font_size_last_edited=\u00a0\u00bbon|tablet\u00a0\u00bb header_5_3_font_size_last_edited=\u00a0\u00bbon|tablet\u00a0\u00bb header_6_3_font_size_last_edited=\u00a0\u00bbon|tablet\u00a0\u00bb]<\/p>\n<h3>Taxi-plongeur<\/h3>\n<p>[\/et_pb_text][\/et_pb_column][\/et_pb_row][et_pb_row column_structure=\u00a0\u00bb1_2,1_2&Prime; _builder_version=\u00a0\u00bb4.27.4&Prime; _module_preset=\u00a0\u00bbdefault\u00a0\u00bb global_colors_info=\u00a0\u00bb{}\u00a0\u00bb][et_pb_column type=\u00a0\u00bb1_2&Prime; _builder_version=\u00a0\u00bb4.27.4&Prime; _dynamic_attributes=\u00a0\u00bblink_option_url\u00a0\u00bb _module_preset=\u00a0\u00bbdefault\u00a0\u00bb use_background_color_gradient=\u00a0\u00bbon\u00a0\u00bb background_color_gradient_stops=\u00a0\u00bbrgba(0,0,0,0) 30%|#00003a 100%\u00a0\u00bb background_color_gradient_overlays_image=\u00a0\u00bbon\u00a0\u00bb background_color_gradient_start=\u00a0\u00bbrgba(0,0,0,0)\u00a0\u00bb background_color_gradient_start_position=\u00a0\u00bb30%\u00a0\u00bb background_color_gradient_end=\u00a0\u00bb#00003a\u00a0\u00bb background_image=\u00a0\u00bbhttp:\/\/www.taxidiver.es\/wp-content\/uploads\/2017\/04\/atardecer_mar.jpg\u00a0\u00bb transform_scale_last_edited=\u00a0\u00bboff|desktop\u00a0\u00bb transform_translate_last_edited=\u00a0\u00bboff|desktop\u00a0\u00bb transform_rotate_last_edited=\u00a0\u00bboff|desktop\u00a0\u00bb transform_skew_last_edited=\u00a0\u00bboff|desktop\u00a0\u00bb transform_origin_last_edited=\u00a0\u00bboff|desktop\u00a0\u00bb transform_styles_last_edited=\u00a0\u00bboff|desktop\u00a0\u00bb custom_padding=\u00a0\u00bb24%|20px|20px|20px|false|true\u00a0\u00bb custom_padding_tablet=\u00a0\u00bb220px||||false|true\u00a0\u00bb custom_padding_phone=\u00a0\u00bb150px|30px|30px|30px|false|true\u00a0\u00bb custom_padding_last_edited=\u00a0\u00bbon|phone\u00a0\u00bb link_option_url=\u00a0\u00bb@ET-DC@eyJkeW5hbWljIjp0cnVlLCJjb250ZW50IjoicG9zdF9saW5rX3VybF9wYWdlIiwic2V0dGluZ3MiOnsicG9zdF9pZCI6IjIzMjUifX0=@\u00a0\u00bb global_colors_info=\u00a0\u00bb{%22gcid-c9411f34-b37e-4feb-a841-9533663e2403%22:%91%22colorEnd%22%93}\u00a0\u00bb background__hover_enabled=\u00a0\u00bboff|desktop\u00a0\u00bb background_color_gradient_end__hover=\u00a0\u00bb#000000&Prime; use_background_color_gradient__hover=\u00a0\u00bbon\u00a0\u00bb background_color_gradient_start_position__hover=\u00a0\u00bb20%\u00a0\u00bb transform_styles__hover_enabled=\u00a0\u00bbon|desktop\u00a0\u00bb transform_scale__hover_enabled=\u00a0\u00bbon|desktop\u00a0\u00bb transform_translate__hover_enabled=\u00a0\u00bbon|hover\u00a0\u00bb transform_rotate__hover_enabled=\u00a0\u00bbon|hover\u00a0\u00bb transform_skew__hover_enabled=\u00a0\u00bbon|hover\u00a0\u00bb transform_origin__hover_enabled=\u00a0\u00bbon|hover\u00a0\u00bb transform_scale__hover=\u00a0\u00bb102%|102%\u00a0\u00bb background_color_gradient_stops__hover=\u00a0\u00bbrgba(0,0,0,0) 20%|#000000 100%\u00a0\u00bb][et_pb_text _builder_version=\u00a0\u00bb4.27.4&Prime; _module_preset=\u00a0\u00bb3a5fa9a7-7987-4564-89a5-37b87a5b6ad8&Prime; header_font=\u00a0\u00bb||||||||\u00a0\u00bb header_3_font=\u00a0\u00bbPlayfair Display|700|||||||\u00a0\u00bb header_3_text_color=\u00a0\u00bb#FFFFFF\u00a0\u00bb header_3_line_height=\u00a0\u00bb1.6em\u00a0\u00bb custom_margin=\u00a0\u00bb||0px||false|false\u00a0\u00bb header_3_font_size_tablet=\u00a0\u00bb\u00a0\u00bb header_3_font_size_phone=\u00a0\u00bb\u00a0\u00bb header_3_font_size_last_edited=\u00a0\u00bbon|tablet\u00a0\u00bb locked=\u00a0\u00bboff\u00a0\u00bb global_colors_info=\u00a0\u00bb{}\u00a0\u00bb]<\/p>\n<h3>F\u00eates sur un bateau<\/h3>\n<p>[\/et_pb_text][\/et_pb_column][et_pb_column type=\u00a0\u00bb1_2&Prime; _builder_version=\u00a0\u00bb4.27.4&Prime; _dynamic_attributes=\u00a0\u00bblink_option_url\u00a0\u00bb _module_preset=\u00a0\u00bbdefault\u00a0\u00bb use_background_color_gradient=\u00a0\u00bbon\u00a0\u00bb background_color_gradient_stops=\u00a0\u00bbrgba(0,0,0,0) 30%|#00003a 100%\u00a0\u00bb background_color_gradient_overlays_image=\u00a0\u00bbon\u00a0\u00bb background_color_gradient_start=\u00a0\u00bbrgba(0,0,0,0)\u00a0\u00bb background_color_gradient_start_position=\u00a0\u00bb30%\u00a0\u00bb background_color_gradient_end=\u00a0\u00bb#00003a\u00a0\u00bb background_image=\u00a0\u00bbhttp:\/\/www.taxidiver.es\/wp-content\/uploads\/2017\/04\/ancla_ostende.jpg\u00a0\u00bb transform_scale_last_edited=\u00a0\u00bboff|desktop\u00a0\u00bb transform_translate_last_edited=\u00a0\u00bboff|desktop\u00a0\u00bb transform_rotate_last_edited=\u00a0\u00bboff|desktop\u00a0\u00bb transform_skew_last_edited=\u00a0\u00bboff|desktop\u00a0\u00bb transform_origin_last_edited=\u00a0\u00bboff|desktop\u00a0\u00bb transform_styles_last_edited=\u00a0\u00bboff|desktop\u00a0\u00bb custom_padding=\u00a0\u00bb24%|20px|20px|20px|false|true\u00a0\u00bb custom_padding_tablet=\u00a0\u00bb220px||||false|true\u00a0\u00bb custom_padding_phone=\u00a0\u00bb150px|30px|30px|30px|false|true\u00a0\u00bb custom_padding_last_edited=\u00a0\u00bboff|phone\u00a0\u00bb link_option_url=\u00a0\u00bb@ET-DC@eyJkeW5hbWljIjp0cnVlLCJjb250ZW50IjoicG9zdF9saW5rX3VybF9wYWdlIiwic2V0dGluZ3MiOnsicG9zdF9pZCI6IjIzMjEifX0=@\u00a0\u00bb global_colors_info=\u00a0\u00bb{%22gcid-c9411f34-b37e-4feb-a841-9533663e2403%22:%91%22colorEnd%22%93}\u00a0\u00bb use_background_color_gradient__hover=\u00a0\u00bbon\u00a0\u00bb background__hover_enabled=\u00a0\u00bboff|desktop\u00a0\u00bb background_color_gradient_end__hover=\u00a0\u00bb#000000&Prime; background_color_gradient_start_position__hover=\u00a0\u00bb20%\u00a0\u00bb transform_styles__hover_enabled=\u00a0\u00bbon|hover\u00a0\u00bb transform_scale__hover=\u00a0\u00bb105%|105%\u00a0\u00bb transform_scale__hover_enabled=\u00a0\u00bbon|hover\u00a0\u00bb transform_translate__hover_enabled=\u00a0\u00bbon|hover\u00a0\u00bb transform_rotate__hover_enabled=\u00a0\u00bbon|hover\u00a0\u00bb transform_skew__hover_enabled=\u00a0\u00bbon|hover\u00a0\u00bb transform_origin__hover_enabled=\u00a0\u00bbon|hover\u00a0\u00bb background_color_gradient_stops__hover=\u00a0\u00bbrgba(0,0,0,0) 20%|#000000 100%\u00a0\u00bb][et_pb_text _builder_version=\u00a0\u00bb4.27.4&Prime; _module_preset=\u00a0\u00bb3a5fa9a7-7987-4564-89a5-37b87a5b6ad8&Prime; header_font=\u00a0\u00bb||||||||\u00a0\u00bb header_3_font=\u00a0\u00bbPlayfair Display|700|||||||\u00a0\u00bb header_3_text_color=\u00a0\u00bb#FFFFFF\u00a0\u00bb header_3_line_height=\u00a0\u00bb1.6em\u00a0\u00bb custom_margin=\u00a0\u00bb||0px||false|false\u00a0\u00bb header_3_font_size_tablet=\u00a0\u00bb\u00a0\u00bb header_3_font_size_phone=\u00a0\u00bb\u00a0\u00bb header_3_font_size_last_edited=\u00a0\u00bbon|tablet\u00a0\u00bb locked=\u00a0\u00bboff\u00a0\u00bb global_colors_info=\u00a0\u00bb{}\u00a0\u00bb header_2_3_font_size_last_edited=\u00a0\u00bbon|tablet\u00a0\u00bb header_3_3_font_size_last_edited=\u00a0\u00bbon|tablet\u00a0\u00bb header_4_3_font_size_last_edited=\u00a0\u00bbon|tablet\u00a0\u00bb header_5_3_font_size_last_edited=\u00a0\u00bbon|tablet\u00a0\u00bb header_6_3_font_size_last_edited=\u00a0\u00bbon|tablet\u00a0\u00bb]<\/p>\n<h3>Autres activit\u00e9s nautiques<\/h3>\n<p>[\/et_pb_text][\/et_pb_column][\/et_pb_row][\/et_pb_section]<\/p>\n","protected":false},"excerpt":{"rendered":"<p>ServicesExcursions en bateau et circuits touristiques en merTaxi-plongeurF\u00eates sur un bateauAutres activit\u00e9s nautiques<\/p>\n","protected":false},"author":1,"featured_media":0,"parent":0,"menu_order":0,"comment_status":"closed","ping_status":"closed","template":"","meta":{"_et_pb_use_builder":"on","_et_pb_old_content":"","_et_gb_content_width":"","_monsterinsights_skip_tracking":false,"_monsterinsights_sitenote_active":false,"_monsterinsights_sitenote_note":"","_monsterinsights_sitenote_category":0,"footnotes":""},"class_list":["post-1846","page","type-page","status-publish","hentry"],"yoast_head":"<!-- This site is optimized with the Yoast SEO plugin v26.5 - https:\/\/yoast.com\/wordpress\/plugins\/seo\/ -->\n<title>Services et activit\u00e9s \u00e0 Castro Urdiales<\/title>\n<meta name=\"description\" content=\"D\u00e9couvrez les meilleurs services et activit\u00e9s \u00e0 Castro Urdiales. Profitez d&#039;une grande vari\u00e9t\u00e9 d&#039;options pour vous amuser et vous d\u00e9tendre. Venez nous rendre visite d\u00e8s maintenant !\" \/>\n<meta name=\"robots\" content=\"index, follow, max-snippet:-1, max-image-preview:large, max-video-preview:-1\" \/>\n<link rel=\"canonical\" href=\"https:\/\/www.taxidiver.es\/fr\/services-activites\/\" \/>\n<meta property=\"og:locale\" content=\"fr_FR\" \/>\n<meta property=\"og:type\" content=\"article\" \/>\n<meta property=\"og:title\" content=\"Services et activit\u00e9s \u00e0 Castro Urdiales\" \/>\n<meta property=\"og:description\" content=\"D\u00e9couvrez les meilleurs services et activit\u00e9s \u00e0 Castro Urdiales. Profitez d&#039;une grande vari\u00e9t\u00e9 d&#039;options pour vous amuser et vous d\u00e9tendre. Venez nous rendre visite d\u00e8s maintenant !\" \/>\n<meta property=\"og:url\" content=\"https:\/\/www.taxidiver.es\/fr\/services-activites\/\" \/>\n<meta property=\"og:site_name\" content=\"Taxi Diver\" \/>\n<meta property=\"article:modified_time\" content=\"2025-01-10T08:20:32+00:00\" \/>\n<meta property=\"og:image\" content=\"https:\/\/www.taxidiver.es\/wp-content\/uploads\/2022\/01\/logo_cabecera_horizontal.jpg\" \/>\n\t<meta property=\"og:image:width\" content=\"600\" \/>\n\t<meta property=\"og:image:height\" content=\"342\" \/>\n\t<meta property=\"og:image:type\" content=\"image\/jpeg\" \/>\n<meta name=\"twitter:card\" content=\"summary_large_image\" \/>\n<script type=\"application\/ld+json\" class=\"yoast-schema-graph\">{\"@context\":\"https:\/\/schema.org\",\"@graph\":[{\"@type\":\"WebPage\",\"@id\":\"https:\/\/www.taxidiver.es\/fr\/services-activites\/\",\"url\":\"https:\/\/www.taxidiver.es\/fr\/services-activites\/\",\"name\":\"Services et activit\u00e9s \u00e0 Castro Urdiales\",\"isPartOf\":{\"@id\":\"https:\/\/www.taxidiver.es\/fr\/#website\"},\"datePublished\":\"2017-04-07T11:57:24+00:00\",\"dateModified\":\"2025-01-10T08:20:32+00:00\",\"description\":\"D\u00e9couvrez les meilleurs services et activit\u00e9s \u00e0 Castro Urdiales. Profitez d'une grande vari\u00e9t\u00e9 d'options pour vous amuser et vous d\u00e9tendre. Venez nous rendre visite d\u00e8s maintenant !\",\"breadcrumb\":{\"@id\":\"https:\/\/www.taxidiver.es\/fr\/services-activites\/#breadcrumb\"},\"inLanguage\":\"fr-FR\",\"potentialAction\":[{\"@type\":\"ReadAction\",\"target\":[\"https:\/\/www.taxidiver.es\/fr\/services-activites\/\"]}]},{\"@type\":\"BreadcrumbList\",\"@id\":\"https:\/\/www.taxidiver.es\/fr\/services-activites\/#breadcrumb\",\"itemListElement\":[{\"@type\":\"ListItem\",\"position\":1,\"name\":\"Portada\",\"item\":\"https:\/\/www.taxidiver.es\/fr\/\"},{\"@type\":\"ListItem\",\"position\":2,\"name\":\"Services\"}]},{\"@type\":\"WebSite\",\"@id\":\"https:\/\/www.taxidiver.es\/fr\/#website\",\"url\":\"https:\/\/www.taxidiver.es\/fr\/\",\"name\":\"Taxi Diver\",\"description\":\"Alquiler de barco para actividades na\u00faticas\",\"publisher\":{\"@id\":\"https:\/\/www.taxidiver.es\/fr\/#organization\"},\"potentialAction\":[{\"@type\":\"SearchAction\",\"target\":{\"@type\":\"EntryPoint\",\"urlTemplate\":\"https:\/\/www.taxidiver.es\/fr\/?s={search_term_string}\"},\"query-input\":{\"@type\":\"PropertyValueSpecification\",\"valueRequired\":true,\"valueName\":\"search_term_string\"}}],\"inLanguage\":\"fr-FR\"},{\"@type\":\"Organization\",\"@id\":\"https:\/\/www.taxidiver.es\/fr\/#organization\",\"name\":\"Taxi Diver\",\"url\":\"https:\/\/www.taxidiver.es\/fr\/\",\"logo\":{\"@type\":\"ImageObject\",\"inLanguage\":\"fr-FR\",\"@id\":\"https:\/\/www.taxidiver.es\/fr\/#\/schema\/logo\/image\/\",\"url\":\"https:\/\/www.taxidiver.es\/wp-content\/uploads\/2022\/01\/logo_cabecera_horizontal.jpg\",\"contentUrl\":\"https:\/\/www.taxidiver.es\/wp-content\/uploads\/2022\/01\/logo_cabecera_horizontal.jpg\",\"width\":600,\"height\":342,\"caption\":\"Taxi Diver\"},\"image\":{\"@id\":\"https:\/\/www.taxidiver.es\/fr\/#\/schema\/logo\/image\/\"}}]}<\/script>\n<!-- \/ Yoast SEO plugin. -->","yoast_head_json":{"title":"Services et activit\u00e9s \u00e0 Castro Urdiales","description":"D\u00e9couvrez les meilleurs services et activit\u00e9s \u00e0 Castro Urdiales. Profitez d'une grande vari\u00e9t\u00e9 d'options pour vous amuser et vous d\u00e9tendre. Venez nous rendre visite d\u00e8s maintenant !","robots":{"index":"index","follow":"follow","max-snippet":"max-snippet:-1","max-image-preview":"max-image-preview:large","max-video-preview":"max-video-preview:-1"},"canonical":"https:\/\/www.taxidiver.es\/fr\/services-activites\/","og_locale":"fr_FR","og_type":"article","og_title":"Services et activit\u00e9s \u00e0 Castro Urdiales","og_description":"D\u00e9couvrez les meilleurs services et activit\u00e9s \u00e0 Castro Urdiales. Profitez d'une grande vari\u00e9t\u00e9 d'options pour vous amuser et vous d\u00e9tendre. Venez nous rendre visite d\u00e8s maintenant !","og_url":"https:\/\/www.taxidiver.es\/fr\/services-activites\/","og_site_name":"Taxi Diver","article_modified_time":"2025-01-10T08:20:32+00:00","og_image":[{"width":600,"height":342,"url":"https:\/\/www.taxidiver.es\/wp-content\/uploads\/2022\/01\/logo_cabecera_horizontal.jpg","type":"image\/jpeg"}],"twitter_card":"summary_large_image","schema":{"@context":"https:\/\/schema.org","@graph":[{"@type":"WebPage","@id":"https:\/\/www.taxidiver.es\/fr\/services-activites\/","url":"https:\/\/www.taxidiver.es\/fr\/services-activites\/","name":"Services et activit\u00e9s \u00e0 Castro Urdiales","isPartOf":{"@id":"https:\/\/www.taxidiver.es\/fr\/#website"},"datePublished":"2017-04-07T11:57:24+00:00","dateModified":"2025-01-10T08:20:32+00:00","description":"D\u00e9couvrez les meilleurs services et activit\u00e9s \u00e0 Castro Urdiales. Profitez d'une grande vari\u00e9t\u00e9 d'options pour vous amuser et vous d\u00e9tendre. Venez nous rendre visite d\u00e8s maintenant !","breadcrumb":{"@id":"https:\/\/www.taxidiver.es\/fr\/services-activites\/#breadcrumb"},"inLanguage":"fr-FR","potentialAction":[{"@type":"ReadAction","target":["https:\/\/www.taxidiver.es\/fr\/services-activites\/"]}]},{"@type":"BreadcrumbList","@id":"https:\/\/www.taxidiver.es\/fr\/services-activites\/#breadcrumb","itemListElement":[{"@type":"ListItem","position":1,"name":"Portada","item":"https:\/\/www.taxidiver.es\/fr\/"},{"@type":"ListItem","position":2,"name":"Services"}]},{"@type":"WebSite","@id":"https:\/\/www.taxidiver.es\/fr\/#website","url":"https:\/\/www.taxidiver.es\/fr\/","name":"Taxi Diver","description":"Alquiler de barco para actividades na\u00faticas","publisher":{"@id":"https:\/\/www.taxidiver.es\/fr\/#organization"},"potentialAction":[{"@type":"SearchAction","target":{"@type":"EntryPoint","urlTemplate":"https:\/\/www.taxidiver.es\/fr\/?s={search_term_string}"},"query-input":{"@type":"PropertyValueSpecification","valueRequired":true,"valueName":"search_term_string"}}],"inLanguage":"fr-FR"},{"@type":"Organization","@id":"https:\/\/www.taxidiver.es\/fr\/#organization","name":"Taxi Diver","url":"https:\/\/www.taxidiver.es\/fr\/","logo":{"@type":"ImageObject","inLanguage":"fr-FR","@id":"https:\/\/www.taxidiver.es\/fr\/#\/schema\/logo\/image\/","url":"https:\/\/www.taxidiver.es\/wp-content\/uploads\/2022\/01\/logo_cabecera_horizontal.jpg","contentUrl":"https:\/\/www.taxidiver.es\/wp-content\/uploads\/2022\/01\/logo_cabecera_horizontal.jpg","width":600,"height":342,"caption":"Taxi Diver"},"image":{"@id":"https:\/\/www.taxidiver.es\/fr\/#\/schema\/logo\/image\/"}}]}},"_links":{"self":[{"href":"https:\/\/www.taxidiver.es\/fr\/wp-json\/wp\/v2\/pages\/1846","targetHints":{"allow":["GET"]}}],"collection":[{"href":"https:\/\/www.taxidiver.es\/fr\/wp-json\/wp\/v2\/pages"}],"about":[{"href":"https:\/\/www.taxidiver.es\/fr\/wp-json\/wp\/v2\/types\/page"}],"author":[{"embeddable":true,"href":"https:\/\/www.taxidiver.es\/fr\/wp-json\/wp\/v2\/users\/1"}],"replies":[{"embeddable":true,"href":"https:\/\/www.taxidiver.es\/fr\/wp-json\/wp\/v2\/comments?post=1846"}],"version-history":[{"count":8,"href":"https:\/\/www.taxidiver.es\/fr\/wp-json\/wp\/v2\/pages\/1846\/revisions"}],"predecessor-version":[{"id":2636,"href":"https:\/\/www.taxidiver.es\/fr\/wp-json\/wp\/v2\/pages\/1846\/revisions\/2636"}],"wp:attachment":[{"href":"https:\/\/www.taxidiver.es\/fr\/wp-json\/wp\/v2\/media?parent=1846"}],"curies":[{"name":"wp","href":"https:\/\/api.w.org\/{rel}","templated":true}]}}